{"id":1190,"date":"2014-08-15T19:06:20","date_gmt":"2014-08-15T17:06:20","guid":{"rendered":"http:\/\/mariposa-fairtrade.de\/?post_type=product&#038;p=1190"},"modified":"2025-11-12T17:10:35","modified_gmt":"2025-11-12T17:10:35","slug":"doppel-wendesocken-natur-natur","status":"publish","type":"product","link":"https:\/\/www.mariposa-fairtrade.de\/index.php\/produkt\/doppel-wendesocken-natur-natur\/","title":{"rendered":"Wendesocken natur (f\u00fcrs Bett)"},"content":{"rendered":"<p>Jede Schicht aus ungef\u00e4rbter Natur-Alpakawolle.<br \/>\nGr\u00f6\u00dfe S: 35-38, Gr\u00f6\u00dfe M: 39-42, Gr\u00f6\u00dfe L: 42-45, Gr\u00f6\u00dfe XL: 45-48<\/p>\n<p>Die Socken sind nur f\u00fcrs Bett oder Sofa geeignet, da sie keine Verst\u00e4rkung an der Sohle oder der Ferse haben.<\/p>\n<p>GSPR Infos:<\/p>\n<p>Hersteller:<\/p>\n<p>mariposa fair trade, Matthias Pieper<\/p>\n<p>Rosenstr. 6, 97256 Geroldshausen<\/p>\n<p>kontakt@mariposa-fairtrade.de<\/p>\n","protected":false},"excerpt":{"rendered":"<p>100% Alpaka<br \/>\nungef\u00e4rbt<\/p>\n","protected":false},"featured_media":7772,"comment_status":"closed","ping_status":"closed","template":"","meta":[],"product_brand":[],"product_cat":[163,153,141],"product_tag":[],"class_list":{"0":"post-1190","1":"product","2":"type-product","3":"status-publish","4":"has-post-thumbnail","6":"product_cat-socken","7":"product_cat-doppel-wende-accessoires","8":"product_cat-angebote","10":"first","11":"instock","12":"sale","13":"taxable","14":"shipping-taxable","15":"purchasable","16":"product-type-variable"},"_links":{"self":[{"href":"https:\/\/www.mariposa-fairtrade.de\/index.php\/wp-json\/wp\/v2\/product\/1190","targetHints":{"allow":["GET"]}}],"collection":[{"href":"https:\/\/www.mariposa-fairtrade.de\/index.php\/wp-json\/wp\/v2\/product"}],"about":[{"href":"https:\/\/www.mariposa-fairtrade.de\/index.php\/wp-json\/wp\/v2\/types\/product"}],"replies":[{"embeddable":true,"href":"https:\/\/www.mariposa-fairtrade.de\/index.php\/wp-json\/wp\/v2\/comments?post=1190"}],"wp:featuredmedia":[{"embeddable":true,"href":"https:\/\/www.mariposa-fairtrade.de\/index.php\/wp-json\/wp\/v2\/media\/7772"}],"wp:attachment":[{"href":"https:\/\/www.mariposa-fairtrade.de\/index.php\/wp-json\/wp\/v2\/media?parent=1190"}],"wp:term":[{"taxonomy":"product_brand","embeddable":true,"href":"https:\/\/www.mariposa-fairtrade.de\/index.php\/wp-json\/wp\/v2\/product_brand?post=1190"},{"taxonomy":"product_cat","embeddable":true,"href":"https:\/\/www.mariposa-fairtrade.de\/index.php\/wp-json\/wp\/v2\/product_cat?post=1190"},{"taxonomy":"product_tag","embeddable":true,"href":"https:\/\/www.mariposa-fairtrade.de\/index.php\/wp-json\/wp\/v2\/product_tag?post=1190"}],"curies":[{"name":"wp","href":"https:\/\/api.w.org\/{rel}","templated":true}]}}