{"id":7533,"date":"2021-03-26T09:12:38","date_gmt":"2021-03-26T09:12:38","guid":{"rendered":"https:\/\/www.mariposa-fairtrade.de\/?page_id=7533"},"modified":"2025-02-27T19:34:21","modified_gmt":"2025-02-27T19:34:21","slug":"haendlerinfo","status":"publish","type":"page","link":"https:\/\/www.mariposa-fairtrade.de\/index.php\/haendlerinfo\/","title":{"rendered":"H\u00e4ndlerinfo"},"content":{"rendered":"<div class=\"wpb-content-wrapper\"><p>[vc_row][vc_column][vc_column_text css=&#8221;&#8221;]<\/p>\n<h3><strong>About<\/strong><\/h3>\n<p>mariposa fair trade ist einer der f\u00fchrenden Anbieter f\u00fcr fair gehandelte und handgearbeitete Strickmode. Als Gro\u00dfhandel bieten wir Wiederverk\u00e4ufern besondere Konditionen. Ihre Einkaufspreise sehen Sie im Shop nach erfolgter H\u00e4ndlerregistrierung.<\/p>\n<p>Alternativ zum Onlineshop k\u00f6nnen Sie das <a href=\"https:\/\/www.mariposa-fairtrade.de\/wp-content\/uploads\/2025\/02\/Bestellformular-mariposa-VORORDER-2025.xlsx\">Bestellformular mariposa VORORDER 2025<\/a> runterladen und ausf\u00fcllen.[\/vc_column_text][\/vc_column][\/vc_row][vc_row][vc_column][vc_column_text css=&#8221;&#8221;]<\/p>\n<h3><strong>Bestellungen<\/strong><\/h3>\n<p>Vororder: Wir nehmen bis Mitte M\u00e4rz Vorbestellungen entgegen und liefern die Ware dann im September aus. Ab September steht dann ein begrenzter Lagerbestand f\u00fcr Bestellungen zur Verf\u00fcgung.<\/p>\n<p><em><strong>Bestellen k\u00f6nnen Sie \u00fcber unseren Webshop, <a href=\"https:\/\/www.mariposa-fairtrade.de\/wp-content\/uploads\/2025\/02\/Bestellformular-mariposa-VORORDER-2025.xlsx\">Bestellformular mariposa VORORDER 2025<\/a> oder per Telefon<\/strong>.<\/em><\/p>\n<p>Unsere drei aktuell g\u00fcltigen Kataloge k\u00f6nnen Sie sich <a href=\"\/index.php\/lookbook\" target=\"_blank\" rel=\"noopener noreferrer\">hier<\/a> ansehen.<\/p>\n<p>mariposa ist Gr\u00fcndungsmitglied im <a title=\"Fair-Band\" href=\"http:\/\/www.fair-band.de\" target=\"_blank\" rel=\"noopener noreferrer\">FAIR-BAND<\/a> und anerkannter Weltladen-Lieferant.<\/p>\n<p><a title=\"Fair-Band\" href=\"http:\/\/www.fair-band.de\" target=\"_blank\" rel=\"noopener noreferrer\"><img loading=\"lazy\" decoding=\"async\" class=\"aligncenter size-full wp-image-910\" src=\"https:\/\/www.mariposa-fairtrade.de\/wp-content\/uploads\/2013\/06\/Logo_FAIRBAND_mit-Claim_VORABVARIANTE1.jpg\" alt=\"Druck\" width=\"120\" height=\"130\" \/><\/a>[\/vc_column_text][\/vc_column][\/vc_row][vc_row][vc_column][vc_single_image image=&#8221;7835&#8243; img_size=&#8221;full&#8221; alignment=&#8221;center&#8221;][\/vc_column][\/vc_row][vc_row][vc_column]<div class=\"templatera_shortcode\"><div class=\"jas-container\"><div class=\"vc_row vc_custom_1459711575831\"><div class=\"wpb_column vc_column_container vc_col-sm-4\"><div class=\"vc_column-inner \"><div class=\"wpb_wrapper\"><div class=\"vc-hoverbox-wrapper  vc-hoverbox-shape--square vc-hoverbox-align--center vc-hoverbox-direction--default vc-hoverbox-width--100\"  ontouchstart=\"\">\n  <div class=\"vc-hoverbox\">\n    <div class=\"vc-hoverbox-inner\">\n      <div class=\"vc-hoverbox-block vc-hoverbox-front\" style=\"background-image: url(https:\/\/www.mariposa-fairtrade.de\/wp-content\/uploads\/2021\/04\/kunst-1.jpg);\">\n        <div class=\"vc-hoverbox-block-inner vc-hoverbox-front-inner\">\n            \n        <\/div>\n      <\/div>\n      <div class=\"vc-hoverbox-block vc-hoverbox-back\" style=\"background-color: #ebebeb;\">\n        <div class=\"vc-hoverbox-block-inner vc-hoverbox-back-inner\">\n            <h2 style=\"text-align:center\">Strickkunst<\/h2>\n            <p><a href=\"https:\/\/www.mariposa-fairtrade.de\/index.php\/strickkunst\/\">Mehr dar\u00fcber<\/a><\/p>\n\n            \n        <\/div>\n      <\/div>\n    <\/div>\n  <\/div>\n<\/div><div class=\"jas-member tc pr\"><h4 class=\"tu fs__14\">Strickkunst<\/h4><span><\/span><div class=\"social pa w__100 ts__03\"><\/div><\/div><\/div><\/div><\/div><div class=\"wpb_column vc_column_container vc_col-sm-4\"><div class=\"vc_column-inner \"><div class=\"wpb_wrapper\"><div class=\"vc-hoverbox-wrapper  vc-hoverbox-shape--square vc-hoverbox-align--center vc-hoverbox-direction--default vc-hoverbox-width--100\"  ontouchstart=\"\">\n  <div class=\"vc-hoverbox\">\n    <div class=\"vc-hoverbox-inner\">\n      <div class=\"vc-hoverbox-block vc-hoverbox-front\" style=\"background-image: url(https:\/\/www.mariposa-fairtrade.de\/wp-content\/uploads\/2021\/04\/pfl-1.jpg);\">\n        <div class=\"vc-hoverbox-block-inner vc-hoverbox-front-inner\">\n            \n        <\/div>\n      <\/div>\n      <div class=\"vc-hoverbox-block vc-hoverbox-back\" style=\"background-color: #ebebeb;\">\n        <div class=\"vc-hoverbox-block-inner vc-hoverbox-back-inner\">\n            <h2 style=\"text-align:center\">Pflanzenfarben<\/h2>\n            <p><a href=\"https:\/\/www.mariposa-fairtrade.de\/index.php\/pflanzenfarben\/\">Mehr dar\u00fcber<\/a><\/p>\n\n            \n        <\/div>\n      <\/div>\n    <\/div>\n  <\/div>\n<\/div><div class=\"jas-member tc pr\"><h4 class=\"tu fs__14\">Pflanzenfarben<\/h4><span><\/span><div class=\"social pa w__100 ts__03\"><\/div><\/div><\/div><\/div><\/div><div class=\"wpb_column vc_column_container vc_col-sm-4\"><div class=\"vc_column-inner \"><div class=\"wpb_wrapper\"><div class=\"vc-hoverbox-wrapper  vc-hoverbox-shape--square vc-hoverbox-align--center vc-hoverbox-direction--default vc-hoverbox-width--100\"  ontouchstart=\"\">\n  <div class=\"vc-hoverbox\">\n    <div class=\"vc-hoverbox-inner\">\n      <div class=\"vc-hoverbox-block vc-hoverbox-front\" style=\"background-image: url(https:\/\/www.mariposa-fairtrade.de\/wp-content\/uploads\/2021\/04\/alp-1.jpg);\">\n        <div class=\"vc-hoverbox-block-inner vc-hoverbox-front-inner\">\n            \n        <\/div>\n      <\/div>\n      <div class=\"vc-hoverbox-block vc-hoverbox-back\" style=\"background-color: #ebebeb;\">\n        <div class=\"vc-hoverbox-block-inner vc-hoverbox-back-inner\">\n            <h2 style=\"text-align:center\">Alpakawolle<\/h2>\n            <p><a href=\"https:\/\/www.mariposa-fairtrade.de\/index.php\/alpakawolle-und-ihre-pflege\/\">Mehr dar\u00fcber<\/a><\/p>\n\n            \n        <\/div>\n      <\/div>\n    <\/div>\n  <\/div>\n<\/div><div class=\"jas-member tc pr\"><h4 class=\"tu fs__14\">Alpakawolle<\/h4><span><\/span><div class=\"social pa w__100 ts__03\"><\/div><\/div><\/div><\/div><\/div><\/div><\/div><\/div>[\/vc_column][\/vc_row]<\/p>\n<\/div>","protected":false},"excerpt":{"rendered":"About mariposa fair trade ist einer der f\u00fchrenden Anbieter f\u00fcr fair gehandelte und handgearbeitete Strickmode. Als Gro\u00dfhandel bieten wir Wiederverk\u00e4ufern besondere Konditionen. Ihre Einkaufspreise sehen Sie im Shop nach erfolgter H\u00e4ndlerregistrierung. Alternativ zum Onlineshop k\u00f6nnen Sie das Bestellformular mariposa VORORDER 2025 runterladen und ausf\u00fcllen. Bestellungen Vororder: Wir nehmen bis Mitte M\u00e4rz Vorbestellungen entgegen und liefern [...]","protected":false},"author":1,"featured_media":7835,"parent":0,"menu_order":0,"comment_status":"closed","ping_status":"closed","template":"","meta":{"footnotes":""},"class_list":["post-7533","page","type-page","status-publish","has-post-thumbnail","hentry"],"_links":{"self":[{"href":"https:\/\/www.mariposa-fairtrade.de\/index.php\/wp-json\/wp\/v2\/pages\/7533","targetHints":{"allow":["GET"]}}],"collection":[{"href":"https:\/\/www.mariposa-fairtrade.de\/index.php\/wp-json\/wp\/v2\/pages"}],"about":[{"href":"https:\/\/www.mariposa-fairtrade.de\/index.php\/wp-json\/wp\/v2\/types\/page"}],"author":[{"embeddable":true,"href":"https:\/\/www.mariposa-fairtrade.de\/index.php\/wp-json\/wp\/v2\/users\/1"}],"replies":[{"embeddable":true,"href":"https:\/\/www.mariposa-fairtrade.de\/index.php\/wp-json\/wp\/v2\/comments?post=7533"}],"version-history":[{"count":2,"href":"https:\/\/www.mariposa-fairtrade.de\/index.php\/wp-json\/wp\/v2\/pages\/7533\/revisions"}],"predecessor-version":[{"id":10539,"href":"https:\/\/www.mariposa-fairtrade.de\/index.php\/wp-json\/wp\/v2\/pages\/7533\/revisions\/10539"}],"wp:featuredmedia":[{"embeddable":true,"href":"https:\/\/www.mariposa-fairtrade.de\/index.php\/wp-json\/wp\/v2\/media\/7835"}],"wp:attachment":[{"href":"https:\/\/www.mariposa-fairtrade.de\/index.php\/wp-json\/wp\/v2\/media?parent=7533"}],"curies":[{"name":"wp","href":"https:\/\/api.w.org\/{rel}","templated":true}]}}