{"id":5232,"date":"2017-07-10T00:00:00","date_gmt":"2017-07-10T00:00:00","guid":{"rendered":"http:\/\/shop.mariposa-fairtrade.de\/versandkosten-und-lieferbedingungen\/"},"modified":"2021-04-14T11:25:20","modified_gmt":"2021-04-14T11:25:20","slug":"versandkosten-und-lieferbedingungen","status":"publish","type":"page","link":"https:\/\/www.mariposa-fairtrade.de\/index.php\/versandkosten-und-lieferbedingungen\/","title":{"rendered":"Versandkosten und Lieferbedingungen"},"content":{"rendered":"<div class=\"wpb-content-wrapper\"><p>[vc_row][vc_column width=&#8221;1\/3&#8243;][vc_column_text]<\/p>\n<h3><strong>Versandbedingungen<\/strong><\/h3>\n<p>Die Lieferung erfolgt innerhalb Deutschlands und in die L\u00e4nder der europ\u00e4ischen Union .<\/p>\n<p><strong>Versandkosten<\/strong> (inklusive gesetzliche Mehrwertsteuer)<\/p>\n<p><em><strong>Lieferungen innerhalb Deutschlands:<br \/>\n<\/strong><\/em>Wir berechnen die Versandkosten pauschal mit 7,50 \u20ac netto pro Bestellung.<\/p>\n<p><em><strong>Lieferungen ins Ausland:<br \/>\n<\/strong><\/em>Wir berechnen die Versandkosten ins europ\u00e4ische Ausland pauschal mit 25 \u20ac.[\/vc_column_text][\/vc_column][vc_column width=&#8221;1\/3&#8243;][vc_column_text]<\/p>\n<h3><strong>Lieferfristen<\/strong><\/h3>\n<p><em><strong>Vororder-Programm:<\/strong><\/em><\/p>\n<p>Sie haben als H\u00e4ndler die M\u00f6glichkeit die Ware von Januar bis Ende M\u00e4rz vorzubestellen. Die Auslieferung erfolgt Anfang September. Die Vororder k\u00f6nnen Sie auch \u00fcber den Onlineshop t\u00e4tigen. F\u00fcr den Vororderzeitraum entf\u00e4llt die Funktion &#8220;Warenbestand pro Artikel&#8221;.<\/p>\n<p><em><strong>Sofort-Programm:<\/strong><\/em><\/p>\n<p>Ab September k\u00f6nnen Bestellungen aus dem Lager bedient werden. F\u00fcr die Zeit ab September bis Januar gibt es auch einen Warenbestand je Artikel. Soweit in der Artikelbeschreibung keine andere Frist angegeben ist, erfolgt die Lieferung der Ware in Deutschland innerhalb von 3 &#8211; 5 Tagen, bei Auslandslieferungen innerhalb von 5 &#8211; 7 Tagen nach Auftragsbest\u00e4tigung (bei vereinbarter Vorauszahlung nach Zahlungseingang).<br \/>\nBeachten Sie, dass an Sonn- und Feiertagen keine Zustellung erfolgt.<\/p>\n<p>Haben Sie Artikel mit unterschiedlichen Lieferzeiten bestellt, versenden wir die Ware in einer gemeinsamen Sendung, sofern wir keine abweichenden Vereinbarungen mit Ihnen getroffen haben. Die Lieferzeit bestimmt sich in diesem Fall nach dem Artikel mit der l\u00e4ngsten Lieferzeit, den Sie bestellt haben.[\/vc_column_text][\/vc_column][vc_column width=&#8221;1\/3&#8243;][vc_column_text]<\/p>\n<h3><strong>Zahlungsbedingungen<\/strong><\/h3>\n<p><em><strong>Bei Lieferungen innerhalb Deutschlands haben Sie folgende Zahlungsm\u00f6glichkeiten:<\/strong><\/em><\/p>\n<p>&#8211; Rechnung<\/p>\n<p><em><strong>Bei Lieferungen ins Ausland haben Sie folgende Zahlungsm\u00f6glichkeiten:<\/strong><\/em><\/p>\n<p>&#8211; Rechnung<\/p>\n<p>Bei Fragen finden Sie unsere Kontaktdaten im Impressum.[\/vc_column_text][\/vc_column][\/vc_row]<\/p>\n<\/div>","protected":false},"excerpt":{"rendered":"<p>[vc_row][vc_column width=&#8221;1\/3&#8243;][vc_column_text] Versandbedingungen Die Lieferung erfolgt innerhalb Deutschlands und in die L\u00e4nder der europ\u00e4ischen Union . Versandkosten (inklusive gesetzliche Mehrwertsteuer) Lieferungen innerhalb Deutschlands: Wir berechnen die Versandkosten pauschal mit 7,50 \u20ac netto pro Bestellung. Lieferungen ins Ausland: Wir berechnen die Versandkosten ins europ\u00e4ische Ausland pauschal mit 25 \u20ac.[\/vc_column_text][\/vc_column][vc_column width=&#8221;1\/3&#8243;][vc_column_text] Lieferfristen Vororder-Programm: Sie haben als H\u00e4ndler [&hellip;]<\/p>\n","protected":false},"author":1,"featured_media":7876,"parent":0,"menu_order":0,"comment_status":"closed","ping_status":"closed","template":"","meta":{"footnotes":""},"class_list":["post-5232","page","type-page","status-publish","has-post-thumbnail","hentry"],"_links":{"self":[{"href":"https:\/\/www.mariposa-fairtrade.de\/index.php\/wp-json\/wp\/v2\/pages\/5232","targetHints":{"allow":["GET"]}}],"collection":[{"href":"https:\/\/www.mariposa-fairtrade.de\/index.php\/wp-json\/wp\/v2\/pages"}],"about":[{"href":"https:\/\/www.mariposa-fairtrade.de\/index.php\/wp-json\/wp\/v2\/types\/page"}],"author":[{"embeddable":true,"href":"https:\/\/www.mariposa-fairtrade.de\/index.php\/wp-json\/wp\/v2\/users\/1"}],"replies":[{"embeddable":true,"href":"https:\/\/www.mariposa-fairtrade.de\/index.php\/wp-json\/wp\/v2\/comments?post=5232"}],"version-history":[{"count":0,"href":"https:\/\/www.mariposa-fairtrade.de\/index.php\/wp-json\/wp\/v2\/pages\/5232\/revisions"}],"wp:featuredmedia":[{"embeddable":true,"href":"https:\/\/www.mariposa-fairtrade.de\/index.php\/wp-json\/wp\/v2\/media\/7876"}],"wp:attachment":[{"href":"https:\/\/www.mariposa-fairtrade.de\/index.php\/wp-json\/wp\/v2\/media?parent=5232"}],"curies":[{"name":"wp","href":"https:\/\/api.w.org\/{rel}","templated":true}]}}