{"id":5229,"date":"2016-12-19T00:00:00","date_gmt":"2016-12-19T00:00:00","guid":{"rendered":"http:\/\/shop.mariposa-fairtrade.de\/arbeit-vor-ort\/"},"modified":"2021-04-23T13:35:53","modified_gmt":"2021-04-23T13:35:53","slug":"arbeit-vor-ort","status":"publish","type":"page","link":"https:\/\/www.mariposa-fairtrade.de\/index.php\/arbeit-vor-ort\/","title":{"rendered":"Arbeit vor Ort"},"content":{"rendered":"<div class=\"wpb-content-wrapper\"><p>[vc_row][vc_column width=&#8221;1\/2&#8243;][vc_column_text]Regelm\u00e4\u00dfig, das hei\u00dft alle ein bis zwei Jahre sind wir selber in Peru und besuchen unsere Produzenten im Hochland. Im Rahmen dieser Besuche machen wir Fortbildungen, besprechen neue Designs und geben die R\u00fcckmeldungen der Kunden aus Deutschland ganz direkt weiter.<\/p>\n<p>In Zusammenarbeit mit deutschen und peruanischen Mode- und Designstudentinnen haben wir es geschafft hohe Qualit\u00e4tsstandards einzuf\u00fchren und zu etablieren.<\/p>\n<p>Unsere Produzentengruppen vor Ort k\u00e4mpfen mit diversen Benachteiligungen. So ist die Infrastruktur schlecht, die Bildung gering und die Gleichberechtigung der Geschlechter noch lange nicht erreicht.<\/p>\n<p>Der Faire Handel wirkt hier durch unsere Arbeit und Ihre Bestellungen ganz konkret vor Ort. So erreichen wir die Menschen in den abgelegenen D\u00f6rfern \u2013 die Strickerinnen beim Titicacasee und die F\u00e4rber im Hochland von Cusco \u2013 und k\u00f6nnen Ihnen eine Perspektive geben. Wir arbeiten meist mit Frauen zusammen, welche so ein eigenes Einkommen haben und ihren Kindern eine bessere Bildung erm\u00f6glichen.[\/vc_column_text][\/vc_column][vc_column width=&#8221;1\/2&#8243;][vc_single_image image=&#8221;7786&#8243; img_size=&#8221;full&#8221;][\/vc_column][\/vc_row][vc_row][vc_column]<div class=\"templatera_shortcode\"><div class=\"jas-container\"><div class=\"vc_row vc_custom_1459711575831\"><div class=\"wpb_column vc_column_container vc_col-sm-4\"><div class=\"vc_column-inner \"><div class=\"wpb_wrapper\"><div class=\"vc-hoverbox-wrapper  vc-hoverbox-shape--square vc-hoverbox-align--center vc-hoverbox-direction--default vc-hoverbox-width--100\"  ontouchstart=\"\">\n  <div class=\"vc-hoverbox\">\n    <div class=\"vc-hoverbox-inner\">\n      <div class=\"vc-hoverbox-block vc-hoverbox-front\" style=\"background-image: url(https:\/\/www.mariposa-fairtrade.de\/wp-content\/uploads\/2021\/04\/kunst-1.jpg);\">\n        <div class=\"vc-hoverbox-block-inner vc-hoverbox-front-inner\">\n            \n        <\/div>\n      <\/div>\n      <div class=\"vc-hoverbox-block vc-hoverbox-back\" style=\"background-color: #ebebeb;\">\n        <div class=\"vc-hoverbox-block-inner vc-hoverbox-back-inner\">\n            <h2 style=\"text-align:center\">Strickkunst<\/h2>\n            <p><a href=\"https:\/\/www.mariposa-fairtrade.de\/index.php\/strickkunst\/\">Mehr dar\u00fcber<\/a><\/p>\n\n            \n        <\/div>\n      <\/div>\n    <\/div>\n  <\/div>\n<\/div><div class=\"jas-member tc pr\"><h4 class=\"tu fs__14\">Strickkunst<\/h4><span><\/span><div class=\"social pa w__100 ts__03\"><\/div><\/div><\/div><\/div><\/div><div class=\"wpb_column vc_column_container vc_col-sm-4\"><div class=\"vc_column-inner \"><div class=\"wpb_wrapper\"><div class=\"vc-hoverbox-wrapper  vc-hoverbox-shape--square vc-hoverbox-align--center vc-hoverbox-direction--default vc-hoverbox-width--100\"  ontouchstart=\"\">\n  <div class=\"vc-hoverbox\">\n    <div class=\"vc-hoverbox-inner\">\n      <div class=\"vc-hoverbox-block vc-hoverbox-front\" style=\"background-image: url(https:\/\/www.mariposa-fairtrade.de\/wp-content\/uploads\/2021\/04\/pfl-1.jpg);\">\n        <div class=\"vc-hoverbox-block-inner vc-hoverbox-front-inner\">\n            \n        <\/div>\n      <\/div>\n      <div class=\"vc-hoverbox-block vc-hoverbox-back\" style=\"background-color: #ebebeb;\">\n        <div class=\"vc-hoverbox-block-inner vc-hoverbox-back-inner\">\n            <h2 style=\"text-align:center\">Pflanzenfarben<\/h2>\n            <p><a href=\"https:\/\/www.mariposa-fairtrade.de\/index.php\/pflanzenfarben\/\">Mehr dar\u00fcber<\/a><\/p>\n\n            \n        <\/div>\n      <\/div>\n    <\/div>\n  <\/div>\n<\/div><div class=\"jas-member tc pr\"><h4 class=\"tu fs__14\">Pflanzenfarben<\/h4><span><\/span><div class=\"social pa w__100 ts__03\"><\/div><\/div><\/div><\/div><\/div><div class=\"wpb_column vc_column_container vc_col-sm-4\"><div class=\"vc_column-inner \"><div class=\"wpb_wrapper\"><div class=\"vc-hoverbox-wrapper  vc-hoverbox-shape--square vc-hoverbox-align--center vc-hoverbox-direction--default vc-hoverbox-width--100\"  ontouchstart=\"\">\n  <div class=\"vc-hoverbox\">\n    <div class=\"vc-hoverbox-inner\">\n      <div class=\"vc-hoverbox-block vc-hoverbox-front\" style=\"background-image: url(https:\/\/www.mariposa-fairtrade.de\/wp-content\/uploads\/2021\/04\/alp-1.jpg);\">\n        <div class=\"vc-hoverbox-block-inner vc-hoverbox-front-inner\">\n            \n        <\/div>\n      <\/div>\n      <div class=\"vc-hoverbox-block vc-hoverbox-back\" style=\"background-color: #ebebeb;\">\n        <div class=\"vc-hoverbox-block-inner vc-hoverbox-back-inner\">\n            <h2 style=\"text-align:center\">Alpakawolle<\/h2>\n            <p><a href=\"https:\/\/www.mariposa-fairtrade.de\/index.php\/alpakawolle-und-ihre-pflege\/\">Mehr dar\u00fcber<\/a><\/p>\n\n            \n        <\/div>\n      <\/div>\n    <\/div>\n  <\/div>\n<\/div><div class=\"jas-member tc pr\"><h4 class=\"tu fs__14\">Alpakawolle<\/h4><span><\/span><div class=\"social pa w__100 ts__03\"><\/div><\/div><\/div><\/div><\/div><\/div><\/div><\/div>[\/vc_column][\/vc_row]<\/p>\n<\/div>","protected":false},"excerpt":{"rendered":"Regelm\u00e4\u00dfig, das hei\u00dft alle ein bis zwei Jahre sind wir selber in Peru und besuchen unsere Produzenten im Hochland. Im Rahmen dieser Besuche machen wir Fortbildungen, besprechen neue Designs und geben die R\u00fcckmeldungen der Kunden aus Deutschland ganz direkt weiter. In Zusammenarbeit mit deutschen und peruanischen Mode- und Designstudentinnen haben wir es geschafft hohe Qualit\u00e4tsstandards [...]","protected":false},"author":1,"featured_media":7785,"parent":0,"menu_order":0,"comment_status":"closed","ping_status":"closed","template":"","meta":{"footnotes":""},"class_list":["post-5229","page","type-page","status-publish","has-post-thumbnail","hentry"],"_links":{"self":[{"href":"https:\/\/www.mariposa-fairtrade.de\/index.php\/wp-json\/wp\/v2\/pages\/5229","targetHints":{"allow":["GET"]}}],"collection":[{"href":"https:\/\/www.mariposa-fairtrade.de\/index.php\/wp-json\/wp\/v2\/pages"}],"about":[{"href":"https:\/\/www.mariposa-fairtrade.de\/index.php\/wp-json\/wp\/v2\/types\/page"}],"author":[{"embeddable":true,"href":"https:\/\/www.mariposa-fairtrade.de\/index.php\/wp-json\/wp\/v2\/users\/1"}],"replies":[{"embeddable":true,"href":"https:\/\/www.mariposa-fairtrade.de\/index.php\/wp-json\/wp\/v2\/comments?post=5229"}],"version-history":[{"count":0,"href":"https:\/\/www.mariposa-fairtrade.de\/index.php\/wp-json\/wp\/v2\/pages\/5229\/revisions"}],"wp:featuredmedia":[{"embeddable":true,"href":"https:\/\/www.mariposa-fairtrade.de\/index.php\/wp-json\/wp\/v2\/media\/7785"}],"wp:attachment":[{"href":"https:\/\/www.mariposa-fairtrade.de\/index.php\/wp-json\/wp\/v2\/media?parent=5229"}],"curies":[{"name":"wp","href":"https:\/\/api.w.org\/{rel}","templated":true}]}}