{"id":5227,"date":"2016-12-19T00:00:00","date_gmt":"2016-12-19T00:00:00","guid":{"rendered":"http:\/\/shop.mariposa-fairtrade.de\/pflanzenfarben\/"},"modified":"2021-04-23T16:33:25","modified_gmt":"2021-04-23T16:33:25","slug":"pflanzenfarben","status":"publish","type":"page","link":"https:\/\/www.mariposa-fairtrade.de\/index.php\/pflanzenfarben\/","title":{"rendered":"Pflanzenfarben"},"content":{"rendered":"<div class=\"wpb-content-wrapper\"><p>[vc_row][vc_column width=&#8221;2\/3&#8243;][vc_column_text]Wir nutzen neben den ungef\u00e4rbten, nat\u00fcrlichen Farbt\u00f6nen der Alpakas auch die Mittel der Pflanzenf\u00e4rberei. Das F\u00e4rben mit diesen Naturfarben f\u00fchrt zu einer leicht melierten Strickoptik, welche wunderbar zu dem ebenfalls melierten Strick aus ungef\u00e4rbter Alpakawolle passt.<\/p>\n<p>Das F\u00e4rben mit Naturfarben hat in Peru eine lange Tradition.<\/p>\n<p>Schon die Preinka-Kulturen nutzen die gro\u00dfe Biodiversit\u00e4t des Landes. In ihren Textilien werden bis zu 160 verschiedene Farben gefunden.<\/p>\n<p>Das Wissen der Pflanzenf\u00e4rberei bezog sich nicht nur auf die F\u00e4rbepflanzen sondern auch auf deren Fixierung mit Salzen. So sind die Farben auch nach 500 Jahren immer noch kr\u00e4ftig. Dieses Wissen ist erhalten geblieben und erm\u00f6glicht es uns nun, unsere Produkte mit einem\u00a0 zus\u00e4tzlichen Mehrwert anzubieten:<\/p>\n<ul>\n<li>Wir schaffen mehr Einkommen f\u00fcr benachteiligte Produzenten.<\/li>\n<li>Die Pflanzenfarben helfen die Umwelt zu sch\u00fctzen.<\/li>\n<li>Sie sind hautfreundlicher als die Chemiefarben.<\/li>\n<\/ul>\n<p>[\/vc_column_text][\/vc_column][vc_column width=&#8221;1\/3&#8243;][vc_single_image image=&#8221;7829&#8243; img_size=&#8221;full&#8221;][\/vc_column][\/vc_row][vc_row][vc_column]<div class=\"templatera_shortcode\"><div class=\"jas-container\"><div class=\"vc_row vc_custom_1459711575831\"><div class=\"wpb_column vc_column_container vc_col-sm-4\"><div class=\"vc_column-inner \"><div class=\"wpb_wrapper\"><div class=\"vc-hoverbox-wrapper  vc-hoverbox-shape--square vc-hoverbox-align--center vc-hoverbox-direction--default vc-hoverbox-width--100\"  ontouchstart=\"\">\n  <div class=\"vc-hoverbox\">\n    <div class=\"vc-hoverbox-inner\">\n      <div class=\"vc-hoverbox-block vc-hoverbox-front\" style=\"background-image: url(https:\/\/www.mariposa-fairtrade.de\/wp-content\/uploads\/2021\/02\/slider-I-original-IMG_0679-scaled-2-1-1024x683.jpg);\">\n        <div class=\"vc-hoverbox-block-inner vc-hoverbox-front-inner\">\n            \n        <\/div>\n      <\/div>\n      <div class=\"vc-hoverbox-block vc-hoverbox-back\" style=\"background-color: #ebebeb;\">\n        <div class=\"vc-hoverbox-block-inner vc-hoverbox-back-inner\">\n            <h2 style=\"text-align:center\">\u00dcber uns<\/h2>\n            <p><a href=\"https:\/\/www.mariposa-fairtrade.de\/index.php\/about-us\/\">Mehr dar\u00fcber<\/a><\/p>\n<p>&nbsp;<\/p>\n<p>&nbsp;<\/p>\n\n            \n        <\/div>\n      <\/div>\n    <\/div>\n  <\/div>\n<\/div><div class=\"jas-member tc pr\"><h4 class=\"tu fs__14\">\u00dcber uns<\/h4><span><\/span><div class=\"social pa w__100 ts__03\"><\/div><\/div><\/div><\/div><\/div><div class=\"wpb_column vc_column_container vc_col-sm-4\"><div class=\"vc_column-inner \"><div class=\"wpb_wrapper\"><div class=\"vc-hoverbox-wrapper  vc-hoverbox-shape--square vc-hoverbox-align--center vc-hoverbox-direction--default vc-hoverbox-width--100\"  ontouchstart=\"\">\n  <div class=\"vc-hoverbox\">\n    <div class=\"vc-hoverbox-inner\">\n      <div class=\"vc-hoverbox-block vc-hoverbox-front\" style=\"background-image: url(https:\/\/www.mariposa-fairtrade.de\/wp-content\/uploads\/2021\/04\/arbeit-vor-ort-2.jpg);\">\n        <div class=\"vc-hoverbox-block-inner vc-hoverbox-front-inner\">\n            \n        <\/div>\n      <\/div>\n      <div class=\"vc-hoverbox-block vc-hoverbox-back\" style=\"background-color: #ebebeb;\">\n        <div class=\"vc-hoverbox-block-inner vc-hoverbox-back-inner\">\n            <h2 style=\"text-align:center\">Arbeit vor Ort<\/h2>\n            <p><a href=\"https:\/\/www.mariposa-fairtrade.de\/index.php\/arbeit-vor-ort\/\">Mehr dar\u00fcber<\/a><\/p>\n<p>&nbsp;<\/p>\n\n            \n        <\/div>\n      <\/div>\n    <\/div>\n  <\/div>\n<\/div><div class=\"jas-member tc pr\"><h4 class=\"tu fs__14\">Arbeit vor Ort<\/h4><span><\/span><div class=\"social pa w__100 ts__03\"><\/div><\/div><\/div><\/div><\/div><div class=\"wpb_column vc_column_container vc_col-sm-4\"><div class=\"vc_column-inner \"><div class=\"wpb_wrapper\"><div class=\"vc-hoverbox-wrapper  vc-hoverbox-shape--square vc-hoverbox-align--center vc-hoverbox-direction--default vc-hoverbox-width--100\"  ontouchstart=\"\">\n  <div class=\"vc-hoverbox\">\n    <div class=\"vc-hoverbox-inner\">\n      <div class=\"vc-hoverbox-block vc-hoverbox-front\" style=\"background-image: url(https:\/\/www.mariposa-fairtrade.de\/wp-content\/uploads\/2021\/04\/em14.jpg);\">\n        <div class=\"vc-hoverbox-block-inner vc-hoverbox-front-inner\">\n            \n        <\/div>\n      <\/div>\n      <div class=\"vc-hoverbox-block vc-hoverbox-back\" style=\"background-color: #ebebeb;\">\n        <div class=\"vc-hoverbox-block-inner vc-hoverbox-back-inner\">\n            <h2 style=\"text-align:center\">Fairreisen<\/h2>\n            <p><a href=\"https:\/\/www.mariposa-fairtrade.de\/index.php\/fairreisen\/\">Mehr dar\u00fcber<\/a><\/p>\n<p>&nbsp;<\/p>\n\n            \n        <\/div>\n      <\/div>\n    <\/div>\n  <\/div>\n<\/div><div class=\"jas-member tc pr\"><h4 class=\"tu fs__14\">Fairreisen<\/h4><span><\/span><div class=\"social pa w__100 ts__03\"><\/div><\/div><\/div><\/div><\/div><\/div><\/div><\/div>[\/vc_column][\/vc_row]<\/p>\n<\/div>","protected":false},"excerpt":{"rendered":"Wir nutzen neben den ungef\u00e4rbten, nat\u00fcrlichen Farbt\u00f6nen der Alpakas auch die Mittel der Pflanzenf\u00e4rberei. Das F\u00e4rben mit diesen Naturfarben f\u00fchrt zu einer leicht melierten Strickoptik, welche wunderbar zu dem ebenfalls melierten Strick aus ungef\u00e4rbter Alpakawolle passt. Das F\u00e4rben mit Naturfarben hat in Peru eine lange Tradition. Schon die Preinka-Kulturen nutzen die gro\u00dfe Biodiversit\u00e4t des Landes. [...]","protected":false},"author":1,"featured_media":7830,"parent":0,"menu_order":0,"comment_status":"closed","ping_status":"closed","template":"","meta":{"footnotes":""},"class_list":["post-5227","page","type-page","status-publish","has-post-thumbnail","hentry"],"_links":{"self":[{"href":"https:\/\/www.mariposa-fairtrade.de\/index.php\/wp-json\/wp\/v2\/pages\/5227","targetHints":{"allow":["GET"]}}],"collection":[{"href":"https:\/\/www.mariposa-fairtrade.de\/index.php\/wp-json\/wp\/v2\/pages"}],"about":[{"href":"https:\/\/www.mariposa-fairtrade.de\/index.php\/wp-json\/wp\/v2\/types\/page"}],"author":[{"embeddable":true,"href":"https:\/\/www.mariposa-fairtrade.de\/index.php\/wp-json\/wp\/v2\/users\/1"}],"replies":[{"embeddable":true,"href":"https:\/\/www.mariposa-fairtrade.de\/index.php\/wp-json\/wp\/v2\/comments?post=5227"}],"version-history":[{"count":0,"href":"https:\/\/www.mariposa-fairtrade.de\/index.php\/wp-json\/wp\/v2\/pages\/5227\/revisions"}],"wp:featuredmedia":[{"embeddable":true,"href":"https:\/\/www.mariposa-fairtrade.de\/index.php\/wp-json\/wp\/v2\/media\/7830"}],"wp:attachment":[{"href":"https:\/\/www.mariposa-fairtrade.de\/index.php\/wp-json\/wp\/v2\/media?parent=5227"}],"curies":[{"name":"wp","href":"https:\/\/api.w.org\/{rel}","templated":true}]}}