{"id":5214,"date":"2013-06-06T00:00:00","date_gmt":"2013-06-06T00:00:00","guid":{"rendered":"http:\/\/shop.mariposa-fairtrade.de\/kontakt\/"},"modified":"2021-04-23T16:35:36","modified_gmt":"2021-04-23T16:35:36","slug":"kontakt","status":"publish","type":"page","link":"https:\/\/www.mariposa-fairtrade.de\/index.php\/kontakt\/","title":{"rendered":"Kontakt"},"content":{"rendered":"<div class=\"wpb-content-wrapper\"><div class=\"wpcf7 no-js\" id=\"wpcf7-f7551-o1\" lang=\"de-DE\" dir=\"ltr\" data-wpcf7-id=\"7551\">\n<div class=\"screen-reader-response\"><p role=\"status\" aria-live=\"polite\" aria-atomic=\"true\"><\/p> <ul><\/ul><\/div>\n<form action=\"\/index.php\/wp-json\/wp\/v2\/pages\/5214#wpcf7-f7551-o1\" method=\"post\" class=\"wpcf7-form init\" aria-label=\"Kontaktformular\" novalidate=\"novalidate\" data-status=\"init\">\n<div style=\"display: none;\">\n<input type=\"hidden\" name=\"_wpcf7\" value=\"7551\" \/>\n<input type=\"hidden\" name=\"_wpcf7_version\" value=\"6.0.3\" \/>\n<input type=\"hidden\" name=\"_wpcf7_locale\" value=\"de_DE\" \/>\n<input type=\"hidden\" name=\"_wpcf7_unit_tag\" value=\"wpcf7-f7551-o1\" \/>\n<input type=\"hidden\" name=\"_wpcf7_container_post\" value=\"0\" \/>\n<input type=\"hidden\" name=\"_wpcf7_posted_data_hash\" value=\"\" \/>\n<input type=\"hidden\" name=\"_wpcf7_recaptcha_response\" value=\"\" \/>\n<\/div>\n<p><label> Dein Name<br \/>\n<span class=\"wpcf7-form-control-wrap\" data-name=\"your-name\"><input size=\"40\" maxlength=\"400\" class=\"wpcf7-form-control wpcf7-text wpcf7-validates-as-required\" aria-required=\"true\" aria-invalid=\"false\" value=\"\" type=\"text\" name=\"your-name\" \/><\/span> <\/label>\n<\/p>\n<p><label> Deine E-Mail-Adresse<br \/>\n<span class=\"wpcf7-form-control-wrap\" data-name=\"your-email\"><input size=\"40\" maxlength=\"400\" class=\"wpcf7-form-control wpcf7-email wpcf7-validates-as-required wpcf7-text wpcf7-validates-as-email\" aria-required=\"true\" aria-invalid=\"false\" value=\"\" type=\"email\" name=\"your-email\" \/><\/span> <\/label>\n<\/p>\n<p><label> Betreff<br \/>\n<span class=\"wpcf7-form-control-wrap\" data-name=\"your-subject\"><input size=\"40\" maxlength=\"400\" class=\"wpcf7-form-control wpcf7-text wpcf7-validates-as-required\" aria-required=\"true\" aria-invalid=\"false\" value=\"\" type=\"text\" name=\"your-subject\" \/><\/span> <\/label>\n<\/p>\n<p><label> Deine Nachricht (optional)<br \/>\n<span class=\"wpcf7-form-control-wrap\" data-name=\"your-message\"><textarea cols=\"40\" rows=\"10\" maxlength=\"2000\" class=\"wpcf7-form-control wpcf7-textarea\" aria-invalid=\"false\" name=\"your-message\"><\/textarea><\/span> <\/label>\n<\/p>\n<p><label>\n\t<span class=\"wpcf7-form-control-wrap recaptcha\" data-name=\"recaptcha\"><span data-sitekey=\"6Ld1M5EaAAAAAIBYqWlHzAs1zJ6L-cAuEqud5LJB\" class=\"wpcf7-form-control wpcf7-recaptcha g-recaptcha\"><\/span>\r\n<noscript>\r\n\t<div class=\"grecaptcha-noscript\">\r\n\t\t<iframe loading=\"lazy\" src=\"https:\/\/www.google.com\/recaptcha\/api\/fallback?k=6Ld1M5EaAAAAAIBYqWlHzAs1zJ6L-cAuEqud5LJB\" frameborder=\"0\" scrolling=\"no\" width=\"310\" height=\"430\">\r\n\t\t<\/iframe>\r\n\t\t<textarea name=\"g-recaptcha-response\" rows=\"3\" cols=\"40\" placeholder=\"reCaptcha Response Here\">\r\n\t\t<\/textarea>\r\n\t<\/div>\r\n<\/noscript>\r\n<\/span><\/label>\n<\/p>\n<p><input class=\"wpcf7-form-control wpcf7-submit has-spinner\" type=\"submit\" value=\"Senden\" \/>\n<\/p><div class=\"wpcf7-response-output\" aria-hidden=\"true\"><\/div>\n<\/form>\n<\/div>\n[vc_row][vc_column][vc_column_text]&nbsp;<\/p>\n<p><a href=\"http:\/\/mariposa-fairtrade.de\/wp-content\/uploads\/2013\/06\/P1170883.jpg\"><img loading=\"lazy\" decoding=\"async\" class=\"aligncenter size-full wp-image-911\" src=\"http:\/\/mariposa-fairtrade.de\/wp-content\/uploads\/2013\/06\/P1170883.jpg\" alt=\"P1170883\" width=\"700\" height=\"467\"><\/a>[\/vc_column_text][\/vc_column][\/vc_row][vc_row][vc_column]<div class=\"templatera_shortcode\"><div class=\"jas-container\"><div class=\"vc_row vc_custom_1459711575831\"><div class=\"wpb_column vc_column_container vc_col-sm-4\"><div class=\"vc_column-inner \"><div class=\"wpb_wrapper\"><div class=\"vc-hoverbox-wrapper  vc-hoverbox-shape--square vc-hoverbox-align--center vc-hoverbox-direction--default vc-hoverbox-width--100\"  ontouchstart=\"\">\n  <div class=\"vc-hoverbox\">\n    <div class=\"vc-hoverbox-inner\">\n      <div class=\"vc-hoverbox-block vc-hoverbox-front\" style=\"background-image: url(https:\/\/www.mariposa-fairtrade.de\/wp-content\/uploads\/2021\/02\/slider-I-original-IMG_0679-scaled-2-1-1024x683.jpg);\">\n        <div class=\"vc-hoverbox-block-inner vc-hoverbox-front-inner\">\n            \n        <\/div>\n      <\/div>\n      <div class=\"vc-hoverbox-block vc-hoverbox-back\" style=\"background-color: #ebebeb;\">\n        <div class=\"vc-hoverbox-block-inner vc-hoverbox-back-inner\">\n            <h2 style=\"text-align:center\">\u00dcber uns<\/h2>\n            <p><a href=\"https:\/\/www.mariposa-fairtrade.de\/index.php\/about-us\/\">Mehr dar\u00fcber<\/a><\/p>\n<p>&nbsp;<\/p>\n<p>&nbsp;<\/p>\n\n            \n        <\/div>\n      <\/div>\n    <\/div>\n  <\/div>\n<\/div><div class=\"jas-member tc pr\"><h4 class=\"tu fs__14\">\u00dcber uns<\/h4><span><\/span><div class=\"social pa w__100 ts__03\"><\/div><\/div><\/div><\/div><\/div><div class=\"wpb_column vc_column_container vc_col-sm-4\"><div class=\"vc_column-inner \"><div class=\"wpb_wrapper\"><div class=\"vc-hoverbox-wrapper  vc-hoverbox-shape--square vc-hoverbox-align--center vc-hoverbox-direction--default vc-hoverbox-width--100\"  ontouchstart=\"\">\n  <div class=\"vc-hoverbox\">\n    <div class=\"vc-hoverbox-inner\">\n      <div class=\"vc-hoverbox-block vc-hoverbox-front\" style=\"background-image: url(https:\/\/www.mariposa-fairtrade.de\/wp-content\/uploads\/2021\/04\/arbeit-vor-ort-2.jpg);\">\n        <div class=\"vc-hoverbox-block-inner vc-hoverbox-front-inner\">\n            \n        <\/div>\n      <\/div>\n      <div class=\"vc-hoverbox-block vc-hoverbox-back\" style=\"background-color: #ebebeb;\">\n        <div class=\"vc-hoverbox-block-inner vc-hoverbox-back-inner\">\n            <h2 style=\"text-align:center\">Arbeit vor Ort<\/h2>\n            <p><a href=\"https:\/\/www.mariposa-fairtrade.de\/index.php\/arbeit-vor-ort\/\">Mehr dar\u00fcber<\/a><\/p>\n<p>&nbsp;<\/p>\n\n            \n        <\/div>\n      <\/div>\n    <\/div>\n  <\/div>\n<\/div><div class=\"jas-member tc pr\"><h4 class=\"tu fs__14\">Arbeit vor Ort<\/h4><span><\/span><div class=\"social pa w__100 ts__03\"><\/div><\/div><\/div><\/div><\/div><div class=\"wpb_column vc_column_container vc_col-sm-4\"><div class=\"vc_column-inner \"><div class=\"wpb_wrapper\"><div class=\"vc-hoverbox-wrapper  vc-hoverbox-shape--square vc-hoverbox-align--center vc-hoverbox-direction--default vc-hoverbox-width--100\"  ontouchstart=\"\">\n  <div class=\"vc-hoverbox\">\n    <div class=\"vc-hoverbox-inner\">\n      <div class=\"vc-hoverbox-block vc-hoverbox-front\" style=\"background-image: url(https:\/\/www.mariposa-fairtrade.de\/wp-content\/uploads\/2021\/04\/em14.jpg);\">\n        <div class=\"vc-hoverbox-block-inner vc-hoverbox-front-inner\">\n            \n        <\/div>\n      <\/div>\n      <div class=\"vc-hoverbox-block vc-hoverbox-back\" style=\"background-color: #ebebeb;\">\n        <div class=\"vc-hoverbox-block-inner vc-hoverbox-back-inner\">\n            <h2 style=\"text-align:center\">Fairreisen<\/h2>\n            <p><a href=\"https:\/\/www.mariposa-fairtrade.de\/index.php\/fairreisen\/\">Mehr dar\u00fcber<\/a><\/p>\n<p>&nbsp;<\/p>\n\n            \n        <\/div>\n      <\/div>\n    <\/div>\n  <\/div>\n<\/div><div class=\"jas-member tc pr\"><h4 class=\"tu fs__14\">Fairreisen<\/h4><span><\/span><div class=\"social pa w__100 ts__03\"><\/div><\/div><\/div><\/div><\/div><\/div><\/div><\/div>[\/vc_column][\/vc_row]<\/p>\n<\/div>","protected":false},"excerpt":{"rendered":"Dein Name Deine E-Mail-Adresse Betreff Deine Nachricht (optional) &nbsp; \u00dcber uns Mehr dar\u00fcber &nbsp; &nbsp; \u00dcber uns Arbeit vor Ort Mehr dar\u00fcber &nbsp; Arbeit vor Ort Fairreisen Mehr dar\u00fcber &nbsp; Fairreisen","protected":false},"author":1,"featured_media":7812,"parent":0,"menu_order":0,"comment_status":"closed","ping_status":"closed","template":"","meta":{"footnotes":""},"class_list":["post-5214","page","type-page","status-publish","has-post-thumbnail","hentry"],"_links":{"self":[{"href":"https:\/\/www.mariposa-fairtrade.de\/index.php\/wp-json\/wp\/v2\/pages\/5214","targetHints":{"allow":["GET"]}}],"collection":[{"href":"https:\/\/www.mariposa-fairtrade.de\/index.php\/wp-json\/wp\/v2\/pages"}],"about":[{"href":"https:\/\/www.mariposa-fairtrade.de\/index.php\/wp-json\/wp\/v2\/types\/page"}],"author":[{"embeddable":true,"href":"https:\/\/www.mariposa-fairtrade.de\/index.php\/wp-json\/wp\/v2\/users\/1"}],"replies":[{"embeddable":true,"href":"https:\/\/www.mariposa-fairtrade.de\/index.php\/wp-json\/wp\/v2\/comments?post=5214"}],"version-history":[{"count":0,"href":"https:\/\/www.mariposa-fairtrade.de\/index.php\/wp-json\/wp\/v2\/pages\/5214\/revisions"}],"wp:featuredmedia":[{"embeddable":true,"href":"https:\/\/www.mariposa-fairtrade.de\/index.php\/wp-json\/wp\/v2\/media\/7812"}],"wp:attachment":[{"href":"https:\/\/www.mariposa-fairtrade.de\/index.php\/wp-json\/wp\/v2\/media?parent=5214"}],"curies":[{"name":"wp","href":"https:\/\/api.w.org\/{rel}","templated":true}]}}