{"id":5211,"date":"2013-06-06T00:00:00","date_gmt":"2013-06-06T00:00:00","guid":{"rendered":"http:\/\/shop.mariposa-fairtrade.de\/links\/"},"modified":"2021-04-23T12:53:41","modified_gmt":"2021-04-23T12:53:41","slug":"links","status":"publish","type":"page","link":"https:\/\/www.mariposa-fairtrade.de\/index.php\/links\/","title":{"rendered":"Links"},"content":{"rendered":"<div class=\"wpb-content-wrapper\"><p>[vc_row][vc_column][vc_column_text]<\/p>\n<h3><b>Interessante Links zu Produzenten und Fairem Handel<\/b><\/h3>\n<p>[\/vc_column_text][\/vc_column][vc_column width=&#8221;1\/2&#8243;][vc_column_text]Informationen zur Arbeit unseres wichtigsten Handelspartners MINKAY finden Sie hier:<br \/>\n<a href=\"http:\/\/minkayfairtrade.com\/\" target=\"_blank\" rel=\"noopener noreferrer\">www.minkayfairtrade.com<\/a>[\/vc_column_text][\/vc_column][vc_column width=&#8221;1\/2&#8243;][vc_column_text]Allgemeine Infomationen zum Thema Fairer Handel und die Situation in Deutschland finden Sie hier:<br \/>\n<a href=\"http:\/\/www.forum-fairer-handel.de\/\" target=\"_blank\" rel=\"noopener noreferrer\">www.forum-fairer-handel.de<\/a>[\/vc_column_text][\/vc_column][\/vc_row][vc_row][vc_column width=&#8221;1\/2&#8243;][vc_column_text]mariposa ist Gr\u00fcndungsmitglied im Fair-Band, dem Bundesverband f\u00fcr fairen Import und Vertrieb e.V. Dieser pr\u00fcft regelm\u00e4\u00dfig die Einhaltung der Fairhandelskriterien in Bezug auf unsere Arbeit.<br \/>\n<a href=\"http:\/\/www.fair-band.de\">www.fair-band.de<\/a>[\/vc_column_text][\/vc_column][vc_column width=&#8221;1\/2&#8243;][vc_column_text]Unsere Produkte finden Sie auch in Weltl\u00e4den in ganz Deutschland. Daher werden wir vom Weltladen Dachverband auf unsere Fairhandels-Standards hin \u00fcberpr\u00fcft. Informationen zu den Weltl\u00e4den im Bundesgebiet im Allgemeinen und zum \u00dcberpr\u00fcfungsmechanismus, dem sog. &#8220;Lieferantenkatalog&#8221; finden Sie hier:<br \/>\n<a href=\"http:\/\/www.weltladen.de\/#lieferantenkatalog\" target=\"_blank\" rel=\"noopener noreferrer\">www.weltladen.de<\/a>[\/vc_column_text][\/vc_column][\/vc_row][vc_row fullwidth=&#8221;yes&#8221; gap=&#8221;35&#8243; equal_height=&#8221;yes&#8221; background_position=&#8221;center top&#8221; css=&#8221;.vc_custom_1614029323456{padding-top: -50px !important;padding-bottom: 500px !important;background-image: url(http:\/\/shop.mariposa-fairtrade.de\/wp-content\/uploads\/2021\/02\/slider-E-original-IMG_7743-scaled.jpg?id=5286) !important;background-position: center !important;background-repeat: no-repeat !important;background-size: cover !important;}&#8221;][vc_column]<div class=\"templatera_shortcode\"><div class=\"jas-container\"><div class=\"vc_row vc_custom_1459711575831\"><div class=\"wpb_column vc_column_container vc_col-sm-4\"><div class=\"vc_column-inner \"><div class=\"wpb_wrapper\"><div class=\"vc-hoverbox-wrapper  vc-hoverbox-shape--square vc-hoverbox-align--center vc-hoverbox-direction--default vc-hoverbox-width--100\"  ontouchstart=\"\">\n  <div class=\"vc-hoverbox\">\n    <div class=\"vc-hoverbox-inner\">\n      <div class=\"vc-hoverbox-block vc-hoverbox-front\" style=\"background-image: url(https:\/\/www.mariposa-fairtrade.de\/wp-content\/uploads\/2021\/04\/kunst-1.jpg);\">\n        <div class=\"vc-hoverbox-block-inner vc-hoverbox-front-inner\">\n            \n        <\/div>\n      <\/div>\n      <div class=\"vc-hoverbox-block vc-hoverbox-back\" style=\"background-color: #ebebeb;\">\n        <div class=\"vc-hoverbox-block-inner vc-hoverbox-back-inner\">\n            <h2 style=\"text-align:center\">Strickkunst<\/h2>\n            <p><a href=\"https:\/\/www.mariposa-fairtrade.de\/index.php\/strickkunst\/\">Mehr dar\u00fcber<\/a><\/p>\n\n            \n        <\/div>\n      <\/div>\n    <\/div>\n  <\/div>\n<\/div><div class=\"jas-member tc pr\"><h4 class=\"tu fs__14\">Strickkunst<\/h4><span><\/span><div class=\"social pa w__100 ts__03\"><\/div><\/div><\/div><\/div><\/div><div class=\"wpb_column vc_column_container vc_col-sm-4\"><div class=\"vc_column-inner \"><div class=\"wpb_wrapper\"><div class=\"vc-hoverbox-wrapper  vc-hoverbox-shape--square vc-hoverbox-align--center vc-hoverbox-direction--default vc-hoverbox-width--100\"  ontouchstart=\"\">\n  <div class=\"vc-hoverbox\">\n    <div class=\"vc-hoverbox-inner\">\n      <div class=\"vc-hoverbox-block vc-hoverbox-front\" style=\"background-image: url(https:\/\/www.mariposa-fairtrade.de\/wp-content\/uploads\/2021\/04\/pfl-1.jpg);\">\n        <div class=\"vc-hoverbox-block-inner vc-hoverbox-front-inner\">\n            \n        <\/div>\n      <\/div>\n      <div class=\"vc-hoverbox-block vc-hoverbox-back\" style=\"background-color: #ebebeb;\">\n        <div class=\"vc-hoverbox-block-inner vc-hoverbox-back-inner\">\n            <h2 style=\"text-align:center\">Pflanzenfarben<\/h2>\n            <p><a href=\"https:\/\/www.mariposa-fairtrade.de\/index.php\/pflanzenfarben\/\">Mehr dar\u00fcber<\/a><\/p>\n\n            \n        <\/div>\n      <\/div>\n    <\/div>\n  <\/div>\n<\/div><div class=\"jas-member tc pr\"><h4 class=\"tu fs__14\">Pflanzenfarben<\/h4><span><\/span><div class=\"social pa w__100 ts__03\"><\/div><\/div><\/div><\/div><\/div><div class=\"wpb_column vc_column_container vc_col-sm-4\"><div class=\"vc_column-inner \"><div class=\"wpb_wrapper\"><div class=\"vc-hoverbox-wrapper  vc-hoverbox-shape--square vc-hoverbox-align--center vc-hoverbox-direction--default vc-hoverbox-width--100\"  ontouchstart=\"\">\n  <div class=\"vc-hoverbox\">\n    <div class=\"vc-hoverbox-inner\">\n      <div class=\"vc-hoverbox-block vc-hoverbox-front\" style=\"background-image: url(https:\/\/www.mariposa-fairtrade.de\/wp-content\/uploads\/2021\/04\/alp-1.jpg);\">\n        <div class=\"vc-hoverbox-block-inner vc-hoverbox-front-inner\">\n            \n        <\/div>\n      <\/div>\n      <div class=\"vc-hoverbox-block vc-hoverbox-back\" style=\"background-color: #ebebeb;\">\n        <div class=\"vc-hoverbox-block-inner vc-hoverbox-back-inner\">\n            <h2 style=\"text-align:center\">Alpakawolle<\/h2>\n            <p><a href=\"https:\/\/www.mariposa-fairtrade.de\/index.php\/alpakawolle-und-ihre-pflege\/\">Mehr dar\u00fcber<\/a><\/p>\n\n            \n        <\/div>\n      <\/div>\n    <\/div>\n  <\/div>\n<\/div><div class=\"jas-member tc pr\"><h4 class=\"tu fs__14\">Alpakawolle<\/h4><span><\/span><div class=\"social pa w__100 ts__03\"><\/div><\/div><\/div><\/div><\/div><\/div><\/div><\/div>[\/vc_column][\/vc_row]<\/p>\n<\/div>","protected":false},"excerpt":{"rendered":"Interessante Links zu Produzenten und Fairem Handel Informationen zur Arbeit unseres wichtigsten Handelspartners MINKAY finden Sie hier: www.minkayfairtrade.com Allgemeine Infomationen zum Thema Fairer Handel und die Situation in Deutschland finden Sie hier: www.forum-fairer-handel.de mariposa ist Gr\u00fcndungsmitglied im Fair-Band, dem Bundesverband f\u00fcr fairen Import und Vertrieb e.V. Dieser pr\u00fcft regelm\u00e4\u00dfig die Einhaltung der Fairhandelskriterien in Bezug [...]","protected":false},"author":1,"featured_media":5289,"parent":0,"menu_order":0,"comment_status":"closed","ping_status":"closed","template":"","meta":{"footnotes":""},"class_list":["post-5211","page","type-page","status-publish","has-post-thumbnail","hentry"],"_links":{"self":[{"href":"https:\/\/www.mariposa-fairtrade.de\/index.php\/wp-json\/wp\/v2\/pages\/5211","targetHints":{"allow":["GET"]}}],"collection":[{"href":"https:\/\/www.mariposa-fairtrade.de\/index.php\/wp-json\/wp\/v2\/pages"}],"about":[{"href":"https:\/\/www.mariposa-fairtrade.de\/index.php\/wp-json\/wp\/v2\/types\/page"}],"author":[{"embeddable":true,"href":"https:\/\/www.mariposa-fairtrade.de\/index.php\/wp-json\/wp\/v2\/users\/1"}],"replies":[{"embeddable":true,"href":"https:\/\/www.mariposa-fairtrade.de\/index.php\/wp-json\/wp\/v2\/comments?post=5211"}],"version-history":[{"count":0,"href":"https:\/\/www.mariposa-fairtrade.de\/index.php\/wp-json\/wp\/v2\/pages\/5211\/revisions"}],"wp:featuredmedia":[{"embeddable":true,"href":"https:\/\/www.mariposa-fairtrade.de\/index.php\/wp-json\/wp\/v2\/media\/5289"}],"wp:attachment":[{"href":"https:\/\/www.mariposa-fairtrade.de\/index.php\/wp-json\/wp\/v2\/media?parent=5211"}],"curies":[{"name":"wp","href":"https:\/\/api.w.org\/{rel}","templated":true}]}}