{"id":5210,"date":"2013-06-06T00:00:00","date_gmt":"2013-06-06T00:00:00","guid":{"rendered":"http:\/\/shop.mariposa-fairtrade.de\/alpakawolle-und-ihre-pflege\/"},"modified":"2021-04-23T16:32:35","modified_gmt":"2021-04-23T16:32:35","slug":"alpakawolle-und-ihre-pflege","status":"publish","type":"page","link":"https:\/\/www.mariposa-fairtrade.de\/index.php\/alpakawolle-und-ihre-pflege\/","title":{"rendered":"Alpakawolle"},"content":{"rendered":"<div class=\"wpb-content-wrapper\"><p>[vc_row][vc_column width=&#8221;1\/2&#8243;][vc_column_text]Alpakawolle ist eine der kostbarsten Naturfasern, die der Mensch kennt. Alpakas sind eine domestizierte Kamelform, welche im Hochland Perus und Boliviens leben. Seit 3000 v. Chr. werden die Alpakas ihrer Wolle wegen gez\u00fcchtet.<\/p>\n<p>Heute gibt es ca. 3,5 Mio. Alpakas, von denen 80% in Peru leben, auf H\u00f6hen von bis zu 4500 Metern.<\/p>\n<p>Alpakawolle gibt es in 20 verschiedenen Naturt\u00f6nen. Diese Vielfalt ist vom Aussterben bedroht.<\/p>\n<p>Kleidungsst\u00fccke aus Alpakawolle kratzen nicht und sind im Vergleich zur Schafwolle wesentlich leichter und trotzdem w\u00e4rmer. Das liegt zum einen an der geringeren Faserdicke der Alpakawolle und zum anderen an den Hohlr\u00e4umen in den Alpakafasern, durch welche die Wolle besser isolieren und gleichzeitig die Temperatur regulieren kann, was einem Hitzestau vorbeugt.[\/vc_column_text][\/vc_column][vc_column width=&#8221;1\/2&#8243;][vc_single_image image=&#8221;7808&#8243; img_size=&#8221;full&#8221;][\/vc_column][\/vc_row][vc_row][vc_column width=&#8221;1\/3&#8243;][vc_single_image image=&#8221;7814&#8243; img_size=&#8221;200&#215;300&#8243;][\/vc_column][vc_column width=&#8221;1\/3&#8243;][vc_single_image image=&#8221;7812&#8243; img_size=&#8221;200&#215;300&#8243;][\/vc_column][vc_column width=&#8221;1\/3&#8243;][vc_single_image image=&#8221;7813&#8243; img_size=&#8221;200&#215;300&#8243;][\/vc_column][\/vc_row][vc_row][vc_column][vc_column_text]<\/p>\n<h3><strong>Pflege<\/strong><\/h3>\n<p>Produkte aus Alpakahaaren lassen sich sehr leicht pflegen. In der Regel gen\u00fcgt es leicht verunreinigte Kleidungsst\u00fccke\u00a0 (Schwei\u00dfgeruch,Tagesstaub) \u00fcber Nacht an einem vor Regen gesch\u00fctzten Ort aufzuh\u00e4ngen. Die Luftfeuchte reicht aus, um das Kleidungsst\u00fcck zu reinigen. Die Alpakafasern atmen und richten sich von selbst wieder in Form.<br \/>\nIm Keiderschrank sollte die Alpakakleidung immer mit etwas Lavendel oder Zedernholz gelagert werden.<br \/>\nBei gr\u00f6\u00dferer Verunreinigung wird das Kleidungsst\u00fcck grunds\u00e4tzlich mit Handw\u00e4sche gewaschen: Dazu sollte der Pullover in max. 30 Grad warmen Wasser mit etwas Haarshampoo eingeweicht, einige Zeit stehen gelassen und danach gr\u00fcndlich ausgesp\u00fclt werden. Zum Trocknen sollte man das Wasser erst mit der Hand und dann in ein Handtuch gewickelt leicht ausdr\u00fccken. Gr\u00f6\u00dfere St\u00fccke wie Pullover sollten grunds\u00e4tzlich im Liegen trocknen, damit sie ihre Form beibehalten.<\/p>\n<p>&nbsp;[\/vc_column_text][\/vc_column][\/vc_row][vc_row][vc_column width=&#8221;1\/2&#8243;][vc_single_image image=&#8221;7815&#8243; img_size=&#8221;400&#215;270&#8243;][\/vc_column][vc_column width=&#8221;1\/2&#8243;][vc_single_image image=&#8221;7816&#8243; img_size=&#8221;400&#215;270&#8243;][\/vc_column][\/vc_row][vc_row][vc_column]<div class=\"templatera_shortcode\"><div class=\"jas-container\"><div class=\"vc_row vc_custom_1459711575831\"><div class=\"wpb_column vc_column_container vc_col-sm-4\"><div class=\"vc_column-inner \"><div class=\"wpb_wrapper\"><div class=\"vc-hoverbox-wrapper  vc-hoverbox-shape--square vc-hoverbox-align--center vc-hoverbox-direction--default vc-hoverbox-width--100\"  ontouchstart=\"\">\n  <div class=\"vc-hoverbox\">\n    <div class=\"vc-hoverbox-inner\">\n      <div class=\"vc-hoverbox-block vc-hoverbox-front\" style=\"background-image: url(https:\/\/www.mariposa-fairtrade.de\/wp-content\/uploads\/2021\/02\/slider-I-original-IMG_0679-scaled-2-1-1024x683.jpg);\">\n        <div class=\"vc-hoverbox-block-inner vc-hoverbox-front-inner\">\n            \n        <\/div>\n      <\/div>\n      <div class=\"vc-hoverbox-block vc-hoverbox-back\" style=\"background-color: #ebebeb;\">\n        <div class=\"vc-hoverbox-block-inner vc-hoverbox-back-inner\">\n            <h2 style=\"text-align:center\">\u00dcber uns<\/h2>\n            <p><a href=\"https:\/\/www.mariposa-fairtrade.de\/index.php\/about-us\/\">Mehr dar\u00fcber<\/a><\/p>\n<p>&nbsp;<\/p>\n<p>&nbsp;<\/p>\n\n            \n        <\/div>\n      <\/div>\n    <\/div>\n  <\/div>\n<\/div><div class=\"jas-member tc pr\"><h4 class=\"tu fs__14\">\u00dcber uns<\/h4><span><\/span><div class=\"social pa w__100 ts__03\"><\/div><\/div><\/div><\/div><\/div><div class=\"wpb_column vc_column_container vc_col-sm-4\"><div class=\"vc_column-inner \"><div class=\"wpb_wrapper\"><div class=\"vc-hoverbox-wrapper  vc-hoverbox-shape--square vc-hoverbox-align--center vc-hoverbox-direction--default vc-hoverbox-width--100\"  ontouchstart=\"\">\n  <div class=\"vc-hoverbox\">\n    <div class=\"vc-hoverbox-inner\">\n      <div class=\"vc-hoverbox-block vc-hoverbox-front\" style=\"background-image: url(https:\/\/www.mariposa-fairtrade.de\/wp-content\/uploads\/2021\/04\/arbeit-vor-ort-2.jpg);\">\n        <div class=\"vc-hoverbox-block-inner vc-hoverbox-front-inner\">\n            \n        <\/div>\n      <\/div>\n      <div class=\"vc-hoverbox-block vc-hoverbox-back\" style=\"background-color: #ebebeb;\">\n        <div class=\"vc-hoverbox-block-inner vc-hoverbox-back-inner\">\n            <h2 style=\"text-align:center\">Arbeit vor Ort<\/h2>\n            <p><a href=\"https:\/\/www.mariposa-fairtrade.de\/index.php\/arbeit-vor-ort\/\">Mehr dar\u00fcber<\/a><\/p>\n<p>&nbsp;<\/p>\n\n            \n        <\/div>\n      <\/div>\n    <\/div>\n  <\/div>\n<\/div><div class=\"jas-member tc pr\"><h4 class=\"tu fs__14\">Arbeit vor Ort<\/h4><span><\/span><div class=\"social pa w__100 ts__03\"><\/div><\/div><\/div><\/div><\/div><div class=\"wpb_column vc_column_container vc_col-sm-4\"><div class=\"vc_column-inner \"><div class=\"wpb_wrapper\"><div class=\"vc-hoverbox-wrapper  vc-hoverbox-shape--square vc-hoverbox-align--center vc-hoverbox-direction--default vc-hoverbox-width--100\"  ontouchstart=\"\">\n  <div class=\"vc-hoverbox\">\n    <div class=\"vc-hoverbox-inner\">\n      <div class=\"vc-hoverbox-block vc-hoverbox-front\" style=\"background-image: url(https:\/\/www.mariposa-fairtrade.de\/wp-content\/uploads\/2021\/04\/em14.jpg);\">\n        <div class=\"vc-hoverbox-block-inner vc-hoverbox-front-inner\">\n            \n        <\/div>\n      <\/div>\n      <div class=\"vc-hoverbox-block vc-hoverbox-back\" style=\"background-color: #ebebeb;\">\n        <div class=\"vc-hoverbox-block-inner vc-hoverbox-back-inner\">\n            <h2 style=\"text-align:center\">Fairreisen<\/h2>\n            <p><a href=\"https:\/\/www.mariposa-fairtrade.de\/index.php\/fairreisen\/\">Mehr dar\u00fcber<\/a><\/p>\n<p>&nbsp;<\/p>\n\n            \n        <\/div>\n      <\/div>\n    <\/div>\n  <\/div>\n<\/div><div class=\"jas-member tc pr\"><h4 class=\"tu fs__14\">Fairreisen<\/h4><span><\/span><div class=\"social pa w__100 ts__03\"><\/div><\/div><\/div><\/div><\/div><\/div><\/div><\/div>[\/vc_column][\/vc_row]<\/p>\n<\/div>","protected":false},"excerpt":{"rendered":"Alpakawolle ist eine der kostbarsten Naturfasern, die der Mensch kennt. Alpakas sind eine domestizierte Kamelform, welche im Hochland Perus und Boliviens leben. Seit 3000 v. Chr. werden die Alpakas ihrer Wolle wegen gez\u00fcchtet. Heute gibt es ca. 3,5 Mio. Alpakas, von denen 80% in Peru leben, auf H\u00f6hen von bis zu 4500 Metern. Alpakawolle gibt [...]","protected":false},"author":1,"featured_media":7810,"parent":0,"menu_order":0,"comment_status":"closed","ping_status":"closed","template":"","meta":{"footnotes":""},"class_list":["post-5210","page","type-page","status-publish","has-post-thumbnail","hentry"],"_links":{"self":[{"href":"https:\/\/www.mariposa-fairtrade.de\/index.php\/wp-json\/wp\/v2\/pages\/5210","targetHints":{"allow":["GET"]}}],"collection":[{"href":"https:\/\/www.mariposa-fairtrade.de\/index.php\/wp-json\/wp\/v2\/pages"}],"about":[{"href":"https:\/\/www.mariposa-fairtrade.de\/index.php\/wp-json\/wp\/v2\/types\/page"}],"author":[{"embeddable":true,"href":"https:\/\/www.mariposa-fairtrade.de\/index.php\/wp-json\/wp\/v2\/users\/1"}],"replies":[{"embeddable":true,"href":"https:\/\/www.mariposa-fairtrade.de\/index.php\/wp-json\/wp\/v2\/comments?post=5210"}],"version-history":[{"count":0,"href":"https:\/\/www.mariposa-fairtrade.de\/index.php\/wp-json\/wp\/v2\/pages\/5210\/revisions"}],"wp:featuredmedia":[{"embeddable":true,"href":"https:\/\/www.mariposa-fairtrade.de\/index.php\/wp-json\/wp\/v2\/media\/7810"}],"wp:attachment":[{"href":"https:\/\/www.mariposa-fairtrade.de\/index.php\/wp-json\/wp\/v2\/media?parent=5210"}],"curies":[{"name":"wp","href":"https:\/\/api.w.org\/{rel}","templated":true}]}}