{"id":5207,"date":"2013-06-06T00:00:00","date_gmt":"2013-06-06T00:00:00","guid":{"rendered":"http:\/\/shop.mariposa-fairtrade.de\/registrieren\/"},"modified":"2021-04-14T11:21:32","modified_gmt":"2021-04-14T11:21:32","slug":"registrieren","status":"publish","type":"page","link":"https:\/\/www.mariposa-fairtrade.de\/index.php\/registrieren\/","title":{"rendered":"Registrieren"},"content":{"rendered":"<div class=\"wpb-content-wrapper\"><p>[vc_row][vc_column hcbrwpb_visible_for_roles=&#8221;logged_out&#8221;][vc_column_text]Liebe H\u00e4ndler,<\/p>\n<p>bitte beachten Sie: F\u00fcllen Sie bitte alle ben\u00f6tigten Felder aus, damit Ihre Registrierung erfolgreich verl\u00e4uft.<br \/>\n<strong>Nach der Registrierung wir von uns gepr\u00fcft, ob Sie gewerblich t\u00e4tig sind. Danach erhalten Sie eine weitere Email mit Ihren Benutzerdaten und Passwort f\u00fcr die Anmeldung bei mariposa fairtrade.<\/strong>[\/vc_column_text][\/vc_column][\/vc_row][vc_row][vc_column][vc_column_text][user_registration_form id=&#8221;5716&#8243;][\/vc_column_text][\/vc_column][\/vc_row]<\/p>\n<\/div>","protected":false},"excerpt":{"rendered":"<p>[vc_row][vc_column hcbrwpb_visible_for_roles=&#8221;logged_out&#8221;][vc_column_text]Liebe H\u00e4ndler, bitte beachten Sie: F\u00fcllen Sie bitte alle ben\u00f6tigten Felder aus, damit Ihre Registrierung erfolgreich verl\u00e4uft. Nach der Registrierung wir von uns gepr\u00fcft, ob Sie gewerblich t\u00e4tig sind. Danach erhalten Sie eine weitere Email mit Ihren Benutzerdaten und Passwort f\u00fcr die Anmeldung bei mariposa fairtrade.[\/vc_column_text][\/vc_column][\/vc_row][vc_row][vc_column][vc_column_text][user_registration_form id=&#8221;5716&#8243;][\/vc_column_text][\/vc_column][\/vc_row]<\/p>\n","protected":false},"author":1,"featured_media":7873,"parent":0,"menu_order":0,"comment_status":"closed","ping_status":"closed","template":"","meta":{"footnotes":""},"class_list":["post-5207","page","type-page","status-publish","has-post-thumbnail","hentry"],"_links":{"self":[{"href":"https:\/\/www.mariposa-fairtrade.de\/index.php\/wp-json\/wp\/v2\/pages\/5207","targetHints":{"allow":["GET"]}}],"collection":[{"href":"https:\/\/www.mariposa-fairtrade.de\/index.php\/wp-json\/wp\/v2\/pages"}],"about":[{"href":"https:\/\/www.mariposa-fairtrade.de\/index.php\/wp-json\/wp\/v2\/types\/page"}],"author":[{"embeddable":true,"href":"https:\/\/www.mariposa-fairtrade.de\/index.php\/wp-json\/wp\/v2\/users\/1"}],"replies":[{"embeddable":true,"href":"https:\/\/www.mariposa-fairtrade.de\/index.php\/wp-json\/wp\/v2\/comments?post=5207"}],"version-history":[{"count":0,"href":"https:\/\/www.mariposa-fairtrade.de\/index.php\/wp-json\/wp\/v2\/pages\/5207\/revisions"}],"wp:featuredmedia":[{"embeddable":true,"href":"https:\/\/www.mariposa-fairtrade.de\/index.php\/wp-json\/wp\/v2\/media\/7873"}],"wp:attachment":[{"href":"https:\/\/www.mariposa-fairtrade.de\/index.php\/wp-json\/wp\/v2\/media?parent=5207"}],"curies":[{"name":"wp","href":"https:\/\/api.w.org\/{rel}","templated":true}]}}