{"id":4138,"date":"2016-04-07T16:41:00","date_gmt":"2016-04-07T16:41:00","guid":{"rendered":"http:\/\/janstudio.net\/gecko\/?page_id=4138"},"modified":"2026-01-24T09:49:24","modified_gmt":"2026-01-24T09:49:24","slug":"home-fashion-3","status":"publish","type":"page","link":"https:\/\/www.mariposa-fairtrade.de\/","title":{"rendered":"Start"},"content":{"rendered":"<div class=\"wpb-content-wrapper\"><p>[vc_row fullwidth=&#8221;yes&#8221;][vc_column]<div id=\"metaslider-id-5689\" style=\"width: 100%; margin: 0 auto;\" class=\"ml-slider-3-94-0 metaslider metaslider-flex metaslider-5689 ml-slider ms-theme-default\" role=\"region\" aria-roledescription=\"Slideshow\" aria-label=\"Fashion - slider 1\">\n    <div id=\"metaslider_container_5689\">\n        <div id=\"metaslider_5689\">\n            <ul class='slides'>\n                <li style=\"display: block; width: 100%;\" class=\"slide-5694 ms-image \" aria-roledescription=\"slide\" aria-label=\"slide-5694\"><a href=\"https:\/\/pacabamba.com\/\" target=\"_blank\" class=\"metaslider_image_link\"><img loading=\"lazy\" decoding=\"async\" src=\"https:\/\/www.mariposa-fairtrade.de\/wp-content\/uploads\/2026\/01\/pacabamba-alpaca-essentials-hero-1.jpg\" height=\"600\" width=\"1920\" alt=\"\" class=\"slider-5689 slide-5694\" title=\"pacabamba-alpaca-essentials-hero-1\" \/><\/a><div class=\"caption-wrap\"><div class=\"caption\"><h3>VORODER 2026<\/h3>\n<h2><span class=\"cp\">www.pacabamba.com<\/span><\/h2>\n<div><a>hier nur Bestandsbestellung<\/a><\/div><\/div><\/div><\/li>\n                <li style=\"display: none; width: 100%;\" class=\"slide-5693 ms-image \" aria-roledescription=\"slide\" aria-label=\"slide-5693\"><a href=\"https:\/\/pacabamba.com\/\" target=\"_blank\" class=\"metaslider_image_link\"><img loading=\"lazy\" decoding=\"async\" src=\"https:\/\/www.mariposa-fairtrade.de\/wp-content\/uploads\/2026\/01\/PACABAMBA-FINALES-15-1.jpg\" height=\"600\" width=\"1920\" alt=\"\" class=\"slider-5689 slide-5693\" title=\"PACABAMBA FINALES\" \/><\/a><div class=\"caption-wrap\"><div class=\"caption\"><h3>VORODER 2026<\/h3>\n<h2><span class=\"cp\">www.pacabamba.com<\/span><\/h2>\n<div><a>hier nur Bestandsbestellung<\/a><\/div><\/div><\/div><\/li>\n            <\/ul>\n        <\/div>\n        \n    <\/div>\n<\/div>[\/vc_column][\/vc_row][vc_row fullwidth=&#8221;yes&#8221; wrap=&#8221;yes&#8221; gap=&#8221;35&#8243; full_height=&#8221;yes&#8221; columns_placement=&#8221;top&#8221; equal_height=&#8221;yes&#8221; content_placement=&#8221;top&#8221; css=&#8221;.vc_custom_1616922549734{padding-top: 50px !important;padding-bottom: 0px !important;background-color: #f6f6f8 !important;}&#8221;][vc_column background_position=&#8221;center center&#8221;][vc_row_inner equal_height=&#8221;yes&#8221;][vc_column_inner][vc_column_text css=&#8221;&#8221;]<\/p>\n<h3 style=\"text-align: center;\"><strong>Alle Vorbestellungen f\u00fcr Herbst-Winter 2026 laufen \u00fcber die Seite (ab 27.1.26): <\/strong><\/h3>\n<h2 style=\"text-align: center;\"><strong><a href=\"https:\/\/pacabamba.com\/\" target=\"_blank\" rel=\"noopener\">www.pacabamba.com<\/a><\/strong><\/h2>\n<h3 style=\"text-align: center;\">Bitte richten Sie sich dort ein neues H\u00e4ndlerkonto ein. Danke!<\/h3>\n<h3 style=\"text-align: center;\"><strong>Im Shop auf dieser Seite kann nur der aktuelle Lagerbestand bestellt werden.<\/strong><\/h3>\n<p>[\/vc_column_text][\/vc_column_inner][\/vc_row_inner][\/vc_column][\/vc_row][vc_row fullwidth=&#8221;yes&#8221; wrap=&#8221;yes&#8221; equal_height=&#8221;yes&#8221; content_placement=&#8221;top&#8221; css=&#8221;.vc_custom_1642763980293{padding-top: 0px !important;padding-bottom: 20px !important;background-color: #f6f6f8 !important;}&#8221;][vc_column][vc_row_inner equal_height=&#8221;yes&#8221;][vc_column_inner width=&#8221;1\/3&#8243;]<div class=\"jas-promotion oh pr middle center\"><a href=\"https:\/\/www.mariposa-fairtrade.de\/index.php\/product-category\/pacabamba\/pacabamba-neuheiten\/\" title=\"Pacabamba\"><img loading=\"lazy\" decoding=\"async\" class=\"w__100 ts__05\" src=\"https:\/\/www.mariposa-fairtrade.de\/wp-content\/uploads\/2024\/01\/pacabamba-neuheiten-hochformat.jpg\" width=\"603\" height=\"1024\" alt=\"NEUHEITEN PACABAMBA\" \/><\/a><div class=\"pa\"><h3 class=\"fwm fs__24 mg__0 mb__10 ls__1 lh__1\" style=\"font-size:20px; color:#ffffff;\">NEUHEITEN PACABAMBA<\/h3><\/div><\/div>[\/vc_column_inner][vc_column_inner width=&#8221;1\/3&#8243;]<div class=\"jas-promotion oh pr middle center\"><a href=\"https:\/\/www.mariposa-fairtrade.de\/index.php\/product-category\/minkay\/minkay-neuheiten\/\"><img loading=\"lazy\" decoding=\"async\" class=\"w__100 ts__05\" src=\"https:\/\/www.mariposa-fairtrade.de\/wp-content\/uploads\/2024\/01\/minkay-neuheiten-hochformat.jpg\" width=\"603\" height=\"1024\" alt=\"NEUHEITEN MINKAY\" \/><\/a><div class=\"pa\"><h3 class=\"fwm fs__24 mg__0 mb__10 ls__1 lh__1\" style=\"font-size:20px; color:#ffffff;\">NEUHEITEN MINKAY<\/h3><\/div><\/div>[\/vc_column_inner][vc_column_inner width=&#8221;1\/3&#8243;]<div class=\"jas-promotion oh pr middle center\"><a href=\"https:\/\/www.mariposa-fairtrade.de\/index.php\/lookbook\/\" title=\"Kollektion\"><img loading=\"lazy\" decoding=\"async\" class=\"w__100 ts__05\" src=\"https:\/\/www.mariposa-fairtrade.de\/wp-content\/uploads\/2024\/01\/unsere-kollektionen-hochformat-1.jpg\" width=\"603\" height=\"1024\" alt=\"UNSERE KOLLEKTIONEN\" \/><\/a><div class=\"pa\"><h3 class=\"fwm fs__24 mg__0 mb__10 ls__1 lh__1\" style=\"font-size:20px; color:#ffffff;\">UNSERE KOLLEKTIONEN<\/h3><\/div><\/div>[\/vc_column_inner][\/vc_row_inner][\/vc_column][\/vc_row][vc_row fullwidth=&#8221;yes&#8221; full_height=&#8221;yes&#8221; equal_height=&#8221;yes&#8221; css=&#8221;.vc_custom_1642764204436{margin-top: 0px !important;margin-bottom: 0px !important;padding-top: 50px !important;padding-right: 30px !important;padding-left: 30px !important;}&#8221;][vc_column css=&#8221;.vc_custom_1614448357799{padding-top: 0px !important;}&#8221;][vc_custom_heading text=&#8221;UNSER SHOP&#8221; font_container=&#8221;tag:h3|font_size:20|text_align:center|line_height:40px&#8221; use_theme_fonts=&#8221;yes&#8221; css=&#8221;.vc_custom_1614447222251{margin-top: 0px !important;margin-bottom: 20px !important;}&#8221;]<div class=\"jas-sc-wc-categories \"><div class=\"jas-row\"><div class=\"mt__30 pr jas-col-md-4 jas-col-sm-6 jas-col-xs-12 product-category\"><a href=\"https:\/\/www.mariposa-fairtrade.de\/index.php\/product-category\/pacabamba\/socken-2\/\"><img loading=\"lazy\" decoding=\"async\" src=\"https:\/\/www.mariposa-fairtrade.de\/wp-content\/uploads\/2025\/01\/socken.jpg\" alt=\"\" width=\"700\" height=\"700\" \/><\/a><h3>Socken<\/h3><\/div><div class=\"mt__30 pr jas-col-md-4 jas-col-sm-6 jas-col-xs-12 product-category\"><a href=\"https:\/\/www.mariposa-fairtrade.de\/index.php\/product-category\/pacabamba\/stirnbaender\/\"><img loading=\"lazy\" decoding=\"async\" src=\"https:\/\/www.mariposa-fairtrade.de\/wp-content\/uploads\/2022\/01\/pacabamba-neuheiten-web.jpg\" alt=\"\" width=\"1000\" height=\"1000\" \/><\/a><h3>Stirnb\u00e4nder<\/h3><\/div><div class=\"mt__30 pr jas-col-md-4 jas-col-sm-6 jas-col-xs-12 product-category\"><a href=\"https:\/\/www.mariposa-fairtrade.de\/index.php\/product-category\/minkay\/\"><img loading=\"lazy\" decoding=\"async\" src=\"https:\/\/www.mariposa-fairtrade.de\/wp-content\/uploads\/2024\/01\/neuheiten-minkay.jpg\" alt=\"\" width=\"700\" height=\"700\" \/><\/a><h3>MINKAY Kollektion<\/h3><\/div><div class=\"mt__30 pr jas-col-md-4 jas-col-sm-6 jas-col-xs-12 product-category\"><a href=\"https:\/\/www.mariposa-fairtrade.de\/index.php\/product-category\/minkay\/angebote\/\"><img loading=\"lazy\" decoding=\"async\" src=\"https:\/\/www.mariposa-fairtrade.de\/wp-content\/uploads\/2022\/01\/angebote-kategorie-bild.jpg\" alt=\"\" width=\"700\" height=\"700\" \/><\/a><h3>Angebote<\/h3><\/div><div class=\"mt__30 pr jas-col-md-4 jas-col-sm-6 jas-col-xs-12 product-category\"><a href=\"https:\/\/www.mariposa-fairtrade.de\/index.php\/product-category\/pacabamba\/\"><img loading=\"lazy\" decoding=\"async\" src=\"https:\/\/www.mariposa-fairtrade.de\/wp-content\/uploads\/2021\/06\/baby-alpaca-naturally-dyed-beanie-emerald-purple-adults-04.jpg\" alt=\"\" width=\"1000\" height=\"1000\" \/><\/a><h3>PACABAMBA Kollektion<\/h3><\/div><\/div><\/div>[\/vc_column][\/vc_row][vc_row fullwidth=&#8221;yes&#8221; full_height=&#8221;yes&#8221; equal_height=&#8221;yes&#8221; css=&#8221;.vc_custom_1642753367801{margin-top: 0px !important;margin-bottom: 120px !important;padding-top: 10px !important;padding-right: 30px !important;padding-left: 30px !important;}&#8221;][vc_column css=&#8221;.vc_custom_1614448357799{padding-top: 0px !important;}&#8221;][vc_custom_heading text=&#8221;MINKAY KOLLEKTION&#8221; font_container=&#8221;tag:h3|font_size:20|text_align:center|line_height:40px&#8221; use_theme_fonts=&#8221;yes&#8221; css=&#8221;.vc_custom_1642753567807{margin-top: 0px !important;margin-bottom: 20px !important;}&#8221;]<div class=\"jas-sc-wc-categories \"><div class=\"jas-row\"><div class=\"mt__30 pr jas-col-md-3 jas-col-sm-6 jas-col-xs-12 product-category\"><a href=\"https:\/\/www.mariposa-fairtrade.de\/index.php\/product-category\/pacabamba\/socken-2\/\"><img loading=\"lazy\" decoding=\"async\" src=\"https:\/\/www.mariposa-fairtrade.de\/wp-content\/uploads\/2025\/01\/socken.jpg\" alt=\"\" width=\"700\" height=\"700\" \/><\/a><h3>Socken<\/h3><\/div><div class=\"mt__30 pr jas-col-md-3 jas-col-sm-6 jas-col-xs-12 product-category\"><a href=\"https:\/\/www.mariposa-fairtrade.de\/index.php\/product-category\/pacabamba\/stirnbaender\/\"><img loading=\"lazy\" decoding=\"async\" src=\"https:\/\/www.mariposa-fairtrade.de\/wp-content\/uploads\/2022\/01\/pacabamba-neuheiten-web.jpg\" alt=\"\" width=\"1000\" height=\"1000\" \/><\/a><h3>Stirnb\u00e4nder<\/h3><\/div><div class=\"mt__30 pr jas-col-md-3 jas-col-sm-6 jas-col-xs-12 product-category\"><a href=\"https:\/\/www.mariposa-fairtrade.de\/index.php\/product-category\/minkay\/minkay-neuheiten\/\"><img loading=\"lazy\" decoding=\"async\" src=\"https:\/\/www.mariposa-fairtrade.de\/wp-content\/uploads\/2024\/01\/neuheiten-minkay-2.jpg\" alt=\"\" width=\"700\" height=\"700\" \/><\/a><h3>Minkay Neuheiten<\/h3><\/div><div class=\"mt__30 pr jas-col-md-3 jas-col-sm-6 jas-col-xs-12 product-category\"><a href=\"https:\/\/www.mariposa-fairtrade.de\/index.php\/product-category\/minkay\/handschuhe\/\"><img loading=\"lazy\" decoding=\"async\" src=\"https:\/\/www.mariposa-fairtrade.de\/wp-content\/uploads\/2021\/04\/kat-handschuhe-1.jpg\" alt=\"\" width=\"400\" height=\"400\" \/><\/a><h3>Handschuhe<\/h3><\/div><div class=\"mt__30 pr jas-col-md-3 jas-col-sm-6 jas-col-xs-12 product-category\"><a href=\"https:\/\/www.mariposa-fairtrade.de\/index.php\/product-category\/minkay\/mutzen-und-stirnbander\/\"><img loading=\"lazy\" decoding=\"async\" src=\"https:\/\/www.mariposa-fairtrade.de\/wp-content\/uploads\/2021\/04\/kat-muetzen-1.jpg\" alt=\"\" width=\"400\" height=\"400\" \/><\/a><h3>M\u00fctzen und Stirnb\u00e4nder<\/h3><\/div><div class=\"mt__30 pr jas-col-md-3 jas-col-sm-6 jas-col-xs-12 product-category\"><a href=\"https:\/\/www.mariposa-fairtrade.de\/index.php\/product-category\/minkay\/kinderartikel\/\"><img loading=\"lazy\" decoding=\"async\" src=\"https:\/\/www.mariposa-fairtrade.de\/wp-content\/uploads\/2015\/01\/ki-7.jpg\" alt=\"\" width=\"700\" height=\"700\" \/><\/a><h3>Kinderartikel<\/h3><\/div><div class=\"mt__30 pr jas-col-md-3 jas-col-sm-6 jas-col-xs-12 product-category\"><a href=\"https:\/\/www.mariposa-fairtrade.de\/index.php\/product-category\/minkay\/pulswarmer\/\"><img loading=\"lazy\" decoding=\"async\" src=\"https:\/\/www.mariposa-fairtrade.de\/wp-content\/uploads\/2021\/04\/kat-pulsw-1.jpg\" alt=\"\" width=\"400\" height=\"400\" \/><\/a><h3>Pulsw\u00e4rmer<\/h3><\/div><div class=\"mt__30 pr jas-col-md-3 jas-col-sm-6 jas-col-xs-12 product-category\"><a href=\"https:\/\/www.mariposa-fairtrade.de\/index.php\/product-category\/minkay\/schals-loops-und-plaids\/\"><img loading=\"lazy\" decoding=\"async\" src=\"https:\/\/www.mariposa-fairtrade.de\/wp-content\/uploads\/2021\/04\/kat-schals-1.jpg\" alt=\"\" width=\"400\" height=\"400\" \/><\/a><h3>Schals, Loops und Plaids<\/h3><\/div><div class=\"mt__30 pr jas-col-md-3 jas-col-sm-6 jas-col-xs-12 product-category\"><a href=\"https:\/\/www.mariposa-fairtrade.de\/index.php\/product-category\/minkay\/ponchos\/\"><img loading=\"lazy\" decoding=\"async\" src=\"https:\/\/www.mariposa-fairtrade.de\/wp-content\/uploads\/2022\/01\/webmodell20228.jpg\" alt=\"\" width=\"700\" height=\"700\" \/><\/a><h3>Ponchos<\/h3><\/div><div class=\"mt__30 pr jas-col-md-3 jas-col-sm-6 jas-col-xs-12 product-category\"><a href=\"https:\/\/www.mariposa-fairtrade.de\/index.php\/product-category\/minkay\/socken\/\"><img loading=\"lazy\" decoding=\"async\" src=\"https:\/\/www.mariposa-fairtrade.de\/wp-content\/uploads\/2019\/01\/so-4.jpg\" alt=\"\" width=\"700\" height=\"700\" \/><\/a><h3>Socken und Beinstulpen<\/h3><\/div><div class=\"mt__30 pr jas-col-md-3 jas-col-sm-6 jas-col-xs-12 product-category\"><a href=\"https:\/\/www.mariposa-fairtrade.de\/index.php\/product-category\/minkay\/doppel-wende-accessoires\/\"><img loading=\"lazy\" decoding=\"async\" src=\"https:\/\/www.mariposa-fairtrade.de\/wp-content\/uploads\/2021\/04\/kat-wende-1.jpg\" alt=\"\" width=\"400\" height=\"400\" \/><\/a><h3>Doppel-Wende-Accessoires<\/h3><\/div><div class=\"mt__30 pr jas-col-md-3 jas-col-sm-6 jas-col-xs-12 product-category\"><a href=\"https:\/\/www.mariposa-fairtrade.de\/index.php\/product-category\/minkay\/angebote\/\"><img loading=\"lazy\" decoding=\"async\" src=\"https:\/\/www.mariposa-fairtrade.de\/wp-content\/uploads\/2022\/01\/angebote-kategorie-bild.jpg\" alt=\"\" width=\"700\" height=\"700\" \/><\/a><h3>Angebote<\/h3><\/div><\/div><\/div>[\/vc_column][\/vc_row][vc_row fullwidth=&#8221;yes&#8221; full_height=&#8221;yes&#8221; equal_height=&#8221;yes&#8221; css=&#8221;.vc_custom_1642753367801{margin-top: 0px !important;margin-bottom: 120px !important;padding-top: 10px !important;padding-right: 30px !important;padding-left: 30px !important;}&#8221;][vc_column css=&#8221;.vc_custom_1614448357799{padding-top: 0px !important;}&#8221;][vc_custom_heading text=&#8221;PACABAMBA KOLLEKTION&#8221; font_container=&#8221;tag:h3|font_size:20|text_align:center|line_height:40px&#8221; use_theme_fonts=&#8221;yes&#8221; css=&#8221;.vc_custom_1642753591831{margin-top: 0px !important;margin-bottom: 20px !important;}&#8221;]<div class=\"jas-sc-wc-categories \"><div class=\"jas-row\"><div class=\"mt__30 pr jas-col-md-3 jas-col-sm-6 jas-col-xs-12 product-category\"><a href=\"https:\/\/www.mariposa-fairtrade.de\/index.php\/product-category\/pacabamba\/socken-2\/\"><img loading=\"lazy\" decoding=\"async\" src=\"https:\/\/www.mariposa-fairtrade.de\/wp-content\/uploads\/2025\/01\/socken.jpg\" alt=\"\" width=\"700\" height=\"700\" \/><\/a><h3>Socken<\/h3><\/div><div class=\"mt__30 pr jas-col-md-3 jas-col-sm-6 jas-col-xs-12 product-category\"><a href=\"https:\/\/www.mariposa-fairtrade.de\/index.php\/product-category\/pacabamba\/stirnbaender\/\"><img loading=\"lazy\" decoding=\"async\" src=\"https:\/\/www.mariposa-fairtrade.de\/wp-content\/uploads\/2022\/01\/pacabamba-neuheiten-web.jpg\" alt=\"\" width=\"1000\" height=\"1000\" \/><\/a><h3>Stirnb\u00e4nder<\/h3><\/div><div class=\"mt__30 pr jas-col-md-3 jas-col-sm-6 jas-col-xs-12 product-category\"><a href=\"https:\/\/www.mariposa-fairtrade.de\/index.php\/product-category\/pacabamba\/pacabamba-neuheiten\/\"><img loading=\"lazy\" decoding=\"async\" src=\"https:\/\/www.mariposa-fairtrade.de\/wp-content\/uploads\/2022\/01\/bild-neuheiten-pacabamba-1.jpg\" alt=\"\" width=\"1000\" height=\"1000\" \/><\/a><h3>Pacabamba Neuheiten<\/h3><\/div><div class=\"mt__30 pr jas-col-md-3 jas-col-sm-6 jas-col-xs-12 product-category\"><a href=\"https:\/\/www.mariposa-fairtrade.de\/index.php\/product-category\/pacabamba\/pullover\/\"><img loading=\"lazy\" decoding=\"async\" src=\"https:\/\/www.mariposa-fairtrade.de\/wp-content\/uploads\/2021\/06\/baby-alpaca-naturally-dyed-sweater-orange-men-04.jpg\" alt=\"\" width=\"1000\" height=\"1000\" \/><\/a><h3>Pullover und Ponchos<\/h3><\/div><div class=\"mt__30 pr jas-col-md-3 jas-col-sm-6 jas-col-xs-12 product-category\"><a href=\"https:\/\/www.mariposa-fairtrade.de\/index.php\/product-category\/pacabamba\/beanies-und-loops\/\"><img loading=\"lazy\" decoding=\"async\" src=\"https:\/\/www.mariposa-fairtrade.de\/wp-content\/uploads\/2022\/01\/beanies-und-loops-kategorie-bild.jpg\" alt=\"\" width=\"700\" height=\"700\" \/><\/a><h3>M\u00fctzen und Stirnb\u00e4nder<\/h3><\/div><div class=\"mt__30 pr jas-col-md-3 jas-col-sm-6 jas-col-xs-12 product-category\"><a href=\"https:\/\/www.mariposa-fairtrade.de\/index.php\/product-category\/pacabamba\/schals\/\"><img loading=\"lazy\" decoding=\"async\" src=\"https:\/\/www.mariposa-fairtrade.de\/wp-content\/uploads\/2022\/01\/schals-kategorie-bild.jpg\" alt=\"\" width=\"700\" height=\"700\" \/><\/a><h3>Schals und Loops<\/h3><\/div><div class=\"mt__30 pr jas-col-md-3 jas-col-sm-6 jas-col-xs-12 product-category\"><a href=\"https:\/\/www.mariposa-fairtrade.de\/index.php\/product-category\/pacabamba\/handschuhe-stulpen\/\"><img loading=\"lazy\" decoding=\"async\" src=\"https:\/\/www.mariposa-fairtrade.de\/wp-content\/uploads\/2022\/01\/baby-alpaca-naturally-dyed-gloves-blue-light-grey-adults-06.jpg\" alt=\"\" width=\"1000\" height=\"1000\" \/><\/a><h3>Handschuhe und Stulpen<\/h3><\/div><div class=\"mt__30 pr jas-col-md-3 jas-col-sm-6 jas-col-xs-12 product-category\"><a href=\"https:\/\/www.mariposa-fairtrade.de\/index.php\/product-category\/pacabamba\/kinderartikel-pacabamba\/\"><img loading=\"lazy\" decoding=\"async\" src=\"https:\/\/www.mariposa-fairtrade.de\/wp-content\/uploads\/2022\/01\/baby-alpaca-naturally-dyed-sweater-red-blue-kids-00.jpg\" alt=\"\" width=\"1000\" height=\"1000\" \/><\/a><h3>Kinderartikel<\/h3><\/div><\/div><\/div>[\/vc_column][\/vc_row]<\/p>\n<\/div>","protected":false},"excerpt":{"rendered":"<p>[vc_row fullwidth=&#8221;yes&#8221;][vc_column][\/vc_column][\/vc_row][vc_row fullwidth=&#8221;yes&#8221; wrap=&#8221;yes&#8221; gap=&#8221;35&#8243; full_height=&#8221;yes&#8221; columns_placement=&#8221;top&#8221; equal_height=&#8221;yes&#8221; content_placement=&#8221;top&#8221; css=&#8221;.vc_custom_1616922549734{padding-top: 50px !important;padding-bottom: 0px !important;background-color: #f6f6f8 !important;}&#8221;][vc_column background_position=&#8221;center center&#8221;][vc_row_inner equal_height=&#8221;yes&#8221;][vc_column_inner][vc_column_text css=&#8221;&#8221;] Alle Vorbestellungen f\u00fcr Herbst-Winter 2026 laufen \u00fcber die Seite (ab 27.1.26): www.pacabamba.com Bitte richten Sie sich dort ein neues H\u00e4ndlerkonto ein. Danke! Im Shop auf dieser Seite kann nur der aktuelle Lagerbestand bestellt werden. [\/vc_column_text][\/vc_column_inner][\/vc_row_inner][\/vc_column][\/vc_row][vc_row [&hellip;]<\/p>\n","protected":false},"author":1,"featured_media":0,"parent":0,"menu_order":0,"comment_status":"closed","ping_status":"closed","template":"","meta":{"footnotes":""},"class_list":["post-4138","page","type-page","status-publish","hentry"],"_links":{"self":[{"href":"https:\/\/www.mariposa-fairtrade.de\/index.php\/wp-json\/wp\/v2\/pages\/4138","targetHints":{"allow":["GET"]}}],"collection":[{"href":"https:\/\/www.mariposa-fairtrade.de\/index.php\/wp-json\/wp\/v2\/pages"}],"about":[{"href":"https:\/\/www.mariposa-fairtrade.de\/index.php\/wp-json\/wp\/v2\/types\/page"}],"author":[{"embeddable":true,"href":"https:\/\/www.mariposa-fairtrade.de\/index.php\/wp-json\/wp\/v2\/users\/1"}],"replies":[{"embeddable":true,"href":"https:\/\/www.mariposa-fairtrade.de\/index.php\/wp-json\/wp\/v2\/comments?post=4138"}],"version-history":[{"count":4,"href":"https:\/\/www.mariposa-fairtrade.de\/index.php\/wp-json\/wp\/v2\/pages\/4138\/revisions"}],"predecessor-version":[{"id":10624,"href":"https:\/\/www.mariposa-fairtrade.de\/index.php\/wp-json\/wp\/v2\/pages\/4138\/revisions\/10624"}],"wp:attachment":[{"href":"https:\/\/www.mariposa-fairtrade.de\/index.php\/wp-json\/wp\/v2\/media?parent=4138"}],"curies":[{"name":"wp","href":"https:\/\/api.w.org\/{rel}","templated":true}]}}