{"id":2904,"date":"2015-12-24T12:01:56","date_gmt":"2015-12-24T12:01:56","guid":{"rendered":"http:\/\/flow.elated-themes.com\/?page_id=2904"},"modified":"2021-04-23T13:36:34","modified_gmt":"2021-04-23T13:36:34","slug":"about-us","status":"publish","type":"page","link":"https:\/\/www.mariposa-fairtrade.de\/index.php\/about-us\/","title":{"rendered":"\u00dcber uns"},"content":{"rendered":"<div class=\"wpb-content-wrapper\"><p>[vc_row css=&#8221;.vc_custom_1464951234466{margin-top: 60px !important;}&#8221;][vc_column width=&#8221;1\/2&#8243;][vc_column_text]<\/p>\n<h3 class=\"section-title\">\u00dcber uns<\/h3>\n<p>mariposa ist ein peruanisch-deutsches Importunternehmen. Seit 2010 vertreiben wir fair gehandelte Strickwaren aus 100% Alpaka und Bio-Baumwolle.<\/p>\n<p>Unser Handeln in Peru und in Europa unterliegt den strengen Kriterien des Fairen Handels. <em>Als Mitglied des FAIR-BAND <\/em>(Bundesverband f\u00fcr fairen Import und Vertrieb) und<em> anerkannter Lieferant der Weltl\u00e4den<\/em> sind wir verpflichtet uns an die<em> Prinzipien der WFTO (World Fair Trade Organization) <\/em>zu halten. In Peru arbeiten wir mit 7 Kommitees von Strickerinnen zusammen, welche ihre Produkte mit Hilfe der Firma MINKAY Fair Trade vermarkten.[\/vc_column_text][vc_column_text]<\/p>\n<h3 class=\"section-title\">Unser Alleinstellungsmerkmal<\/h3>\n<p>Unser Alleinstellungsmerkmal ist die Verwendung von ungef\u00e4rbter Alpakawolle, welche in 20 verschiedenen Naturt\u00f6nen vorkommt. Diese Vielfalt ist stark bedroht, da die gro\u00dfen Alpakafirmen Perus nur die wei\u00dfe Wolle aufkaufen und diese chemisch f\u00e4rben. Zudem zahlen sie den Alpakabauern nur sehr geringe Preise f\u00fcr die wertvolle Alpakawolle.<\/p>\n<p>Daher haben wir bei mariposa und MINKAY im Kleinen einen Weg ohne die gro\u00dfen Konzerne gesucht und gefunden: Wir kaufen die Wolle entweder direkt bei den Bauern oder auf dem Markt. Wir verwenden meist die ungef\u00e4rbte Wolle in den Naturt\u00f6nen \u2013 was zum Erhalt dieser Vielfalt beitr\u00e4gt \u2013 oder F\u00e4rben selber mit Pflanzenfarben. Das Spinnen und Stricken \u00fcbernehmen unsere \u201eArtesanas\u201c im Umland von Juliaca.[\/vc_column_text][\/vc_column][vc_column width=&#8221;1\/2&#8243;][vc_single_image image=&#8221;2949&#8243; img_size=&#8221;full&#8221;][vc_column_text]<\/p>\n<h3 class=\"section-title\">Unsere Philosophie<\/h3>\n<p>Wir wollen unseren Kunden einzigartige und hochwertige Produkte anbieten, von denen wir die ganze Wertsch\u00f6pfungskette kennen und die zu einem besseren Leben der Alpakabauern und Strickerinnen beitragen.<\/p>\n<p>Unsere Beziehungen nach Peru zu den Strickerinnen und dem Handelspartner MINKAY Fair Trade sind sehr eng und freundschaftlich.<\/p>\n<p>Gemeinsam haben wir bisher jede Herausforderung erfolgreich gemeistert und sind als Experten f\u00fcr naturbelassene Alpakaprodukte akzeptiert.[\/vc_column_text][\/vc_column][\/vc_row][vc_row][vc_column][vc_separator][\/vc_column][\/vc_row][vc_row][vc_column][vc_column_text]<\/p>\n<blockquote>\n<p>Wir kaufen die Wolle entweder direkt bei den Bauern oder auf dem Markt. Unsere Produkte werden alle in reiner Handarbeit hergestellt: sowohl das Spinnen als auch das Stricken erfolgt von Hand.<\/p>\n<\/blockquote>\n<p>[\/vc_column_text][\/vc_column][\/vc_row][vc_row css=&#8221;.vc_custom_1459711575831{margin-top: 30px !important;margin-bottom: 90px !important;}&#8221;][vc_column width=&#8221;1\/3&#8243;][vc_hoverbox image=&#8221;7820&#8243; primary_title=&#8221;&#8221; hover_title=&#8221;Strickkunst&#8221; shape=&#8221;square&#8221;]<a href=\"https:\/\/www.mariposa-fairtrade.de\/index.php\/strickkunst\/\">Mehr dar\u00fcber<\/a>[\/vc_hoverbox]<div class=\"jas-member tc pr\"><h4 class=\"tu fs__14\">Strickkunst<\/h4><span><\/span><div class=\"social pa w__100 ts__03\"><\/div><\/div>[\/vc_column][vc_column width=&#8221;1\/3&#8243;][vc_hoverbox image=&#8221;7830&#8243; primary_title=&#8221;&#8221; hover_title=&#8221;Pflanzenfarben&#8221; shape=&#8221;square&#8221;]<a href=\"https:\/\/www.mariposa-fairtrade.de\/index.php\/pflanzenfarben\/\">Mehr dar\u00fcber<\/a><\/p>\n<p>&nbsp;[\/vc_hoverbox]<div class=\"jas-member tc pr\"><h4 class=\"tu fs__14\">Pflanzenfarben<\/h4><span><\/span><div class=\"social pa w__100 ts__03\"><\/div><\/div>[\/vc_column][vc_column width=&#8221;1\/3&#8243;][vc_hoverbox image=&#8221;7816&#8243; primary_title=&#8221;&#8221; hover_title=&#8221;Alpakawolle&#8221; shape=&#8221;square&#8221;]<a href=\"https:\/\/www.mariposa-fairtrade.de\/index.php\/alpakawolle-und-ihre-pflege\/\">Mehr dar\u00fcber<\/a><\/p>\n<p>&nbsp;[\/vc_hoverbox]<div class=\"jas-member tc pr\"><h4 class=\"tu fs__14\">Alpakawolle<\/h4><span><\/span><div class=\"social pa w__100 ts__03\"><\/div><\/div>[\/vc_column][\/vc_row]<\/p>\n<\/div>","protected":false},"excerpt":{"rendered":"<p>[vc_row css=&#8221;.vc_custom_1464951234466{margin-top: 60px !important;}&#8221;][vc_column width=&#8221;1\/2&#8243;][vc_column_text] \u00dcber uns mariposa ist ein peruanisch-deutsches Importunternehmen. Seit 2010 vertreiben wir fair gehandelte Strickwaren aus 100% Alpaka und Bio-Baumwolle. Unser Handeln in Peru und in Europa unterliegt den strengen Kriterien des Fairen Handels. Als Mitglied des FAIR-BAND (Bundesverband f\u00fcr fairen Import und Vertrieb) und anerkannter Lieferant der Weltl\u00e4den sind wir [&hellip;]<\/p>\n","protected":false},"author":1,"featured_media":5289,"parent":0,"menu_order":0,"comment_status":"closed","ping_status":"closed","template":"","meta":{"footnotes":""},"class_list":["post-2904","page","type-page","status-publish","has-post-thumbnail","hentry"],"_links":{"self":[{"href":"https:\/\/www.mariposa-fairtrade.de\/index.php\/wp-json\/wp\/v2\/pages\/2904","targetHints":{"allow":["GET"]}}],"collection":[{"href":"https:\/\/www.mariposa-fairtrade.de\/index.php\/wp-json\/wp\/v2\/pages"}],"about":[{"href":"https:\/\/www.mariposa-fairtrade.de\/index.php\/wp-json\/wp\/v2\/types\/page"}],"author":[{"embeddable":true,"href":"https:\/\/www.mariposa-fairtrade.de\/index.php\/wp-json\/wp\/v2\/users\/1"}],"replies":[{"embeddable":true,"href":"https:\/\/www.mariposa-fairtrade.de\/index.php\/wp-json\/wp\/v2\/comments?post=2904"}],"version-history":[{"count":0,"href":"https:\/\/www.mariposa-fairtrade.de\/index.php\/wp-json\/wp\/v2\/pages\/2904\/revisions"}],"wp:featuredmedia":[{"embeddable":true,"href":"https:\/\/www.mariposa-fairtrade.de\/index.php\/wp-json\/wp\/v2\/media\/5289"}],"wp:attachment":[{"href":"https:\/\/www.mariposa-fairtrade.de\/index.php\/wp-json\/wp\/v2\/media?parent=2904"}],"curies":[{"name":"wp","href":"https:\/\/api.w.org\/{rel}","templated":true}]}}